{"id":37,"date":"2019-12-06T14:57:43","date_gmt":"2019-12-06T13:57:43","guid":{"rendered":"https:\/\/forcontrol.eu\/?page_id=37"},"modified":"2021-04-14T18:04:18","modified_gmt":"2021-04-14T16:04:18","slug":"oferta","status":"publish","type":"page","link":"https:\/\/forcontrol.eu\/index.php\/oferta\/","title":{"rendered":"Oferta"},"content":{"rendered":"<p><section class=\"ffb-id-3jgg31pf fg-section fg-text-dark\"><div class=\"fg-container container fg-container-large fg-container-lvl--1 \"><div class=\"fg-row row    \" ><div class=\"ffb-id-3jgg3asa fg-col col-xs-12 col-md-12 fg-text-dark\"><section class=\"ffb-id-3jgg5km2 section-heading fg-text-dark\"><div class=\"ff-richtext h2 fg-text-dark ffb-h2-1\"><\/p>\n<h1>Urz\u0105dzenia produkcyjne,<\/h1>\n<h1>zrobotyzowane stanowiska pracy \u2013 oferta<\/h1>\n<p><\/div><\/section><div class=\"ffb-id-48l2mfr2 fg-paragraph ff-richtext text-left    fg-text-dark\"><\/p>\n<p>For Control jest firm\u0105 z Rybnika, kt\u00f3ra oferuje szeroki zakres us\u0142ug z dziedziny automatyzacji proces\u00f3w przemys\u0142owych. Podejmujemy si\u0119 zar\u00f3wno wdra\u017cania robot\u00f3w, jak i projektowania oraz budowy specjalistycznych urz\u0105dze\u0144 produkcyjnych. Zajmujemy si\u0119 te\u017c konstruowaniem z\u0142o\u017conych system\u00f3w sterowania bezpiecze\u0144stwem maszyn, tworzymy\u00a0<a href=\"https:\/\/forcontrol.eu\/index.php\/oferta\/inteligentne-systemy-transportowe\">inteligentne systemy transportowe<\/a>\u00a0 oraz kontrolno-pomiarowe. Wieloletnie do\u015bwiadczenie w dziedzinie automatyzacji i wdra\u017cania robot\u00f3w sprawia, \u017ce gwarantujemy klientom rozwi\u0105zania ca\u0142kowicie dopasowane do ich potrzeb.<\/p>\n<p>&nbsp;<\/p>\n<p>&nbsp;<\/p>\n<p><\/div><\/div><\/div><\/div><\/section><style>.ffb-id-3jgg3asa{ margin-bottom: -50px;}<\/style><script type=\"text\/javascript\"><\/script><section class=\"ffb-id-3kg1400q fg-section fg-text-light\"><div class=\"fg-container container-fluid fg-container-fluid fg-container-lvl--1 \"><div class=\"fg-row row    fg-row-match-cols\"  data-fg-match-cols=\"{&quot;1&quot;:&quot;1&quot;,&quot;2&quot;:&quot;1&quot;,&quot;3&quot;:&quot;1&quot;,&quot;4&quot;:&quot;1&quot;}\" ><div class=\"ffb-id-3kg1400r fg-col col-xs-12 col-sm-6 fg-bg-is-clipped fg-el-has-bg fg-text-light\" data-fg-wow=\"slideInLeft\"><span class=\"fg-bg\"><span data-fg-bg=\"{&quot;type&quot;:&quot;color&quot;,&quot;opacity&quot;:1,&quot;color&quot;:&quot;#7a7a7a&quot;}\" class=\"fg-bg-layer fg-bg-type-color \" style=\"opacity: 1; background-color: #7a7a7a;\"><\/span><\/span><div class=\"fg-bg-clipped\"><div class=\"fg-vcenter-wrapper\"><div class=\"fg-vcenter\"><div class=\"fg-match-column-inside-wrapper\"><div class=\"ffb-id-3kg14011 fg-wrapper fg-text-light\"><section class=\"ffb-id-3kg14014 section-heading fg-text-light\"><h2 class=\"fg-text-light ffb-h2-1\">PROJEKTUJEMY<\/h2><\/section><div class=\"ffb-id-3kg14015 fg-paragraph ff-richtext text-left    fg-text-light\"><\/p>\n<p><span style=\"color: #ffffff\">- Uk\u0142ady sterowania oraz bezpiecze\u0144stwa maszyn<br \/>\n- Dedykowane urz\u0105dzenia i linie produkcyjne<br \/>\n- Systemy kontrolno-pomiarowe<\/span><\/p>\n<p><\/div><\/div><\/div><\/div><\/div><\/div><\/div><div class=\"ffb-id-3kg14016 fg-col col-xs-12 col-sm-6 fg-bg-is-clipped fg-el-has-bg fg-text-light\" data-fg-wow=\"slideInRight\"><span class=\"fg-bg\"><span data-fg-bg=\"{&quot;type&quot;:&quot;color&quot;,&quot;opacity&quot;:1,&quot;color&quot;:&quot;#7a7a7a&quot;}\" class=\"fg-bg-layer fg-bg-type-color \" style=\"opacity: 1; background-color: #7a7a7a;\"><\/span><\/span><div class=\"fg-bg-clipped\"><div class=\"fg-vcenter-wrapper\"><div class=\"fg-vcenter\"><div class=\"fg-match-column-inside-wrapper\"><div class=\"ffb-id-3kg1401c fg-wrapper fg-text-light\"><section class=\"ffb-id-3kg1401f section-heading fg-text-light\"><h2 class=\"fg-text-light ffb-h2-1\">TWORZYMY<\/h2><\/section><p class=\"ffb-id-3kg1401g fg-paragraph text-left    fg-text-light\"><\/p>\n<p><span style=\"color: #ffffff\">- Kompletne maszyny, linie i urz\u0105dzenia produkcyjne<br \/>\n- Stanowiska monta\u017cowe i testowe<br \/>\n- Systemy transportowe<\/span><\/p>\n<p><\/p><\/div><\/div><\/div><\/div><\/div><\/div><\/div><\/div><\/section><style>.ffb-id-3jgg3asa{ \nmargin-bottom: -50px;\n\n}\n.ffb-id-3kg1400q > .fg-container > .fg-row{ margin-left:-10px;margin-right:-10px;}.ffb-id-3kg1400q > .fg-container  > .fg-row > .fg-col{ padding-left:10px;padding-right:10px}.ffb-id-3kg1400q{ margin-top: 55px;margin-right: 0px;margin-bottom: 25px;margin-left: 0px;padding-top: 20px;padding-right: 0px;padding-bottom: 20px;padding-left: 0px;}@media (min-width:768px) { .ffb-id-3kg1400q{ margin-top: 55px;}}@media (min-width:992px) { .ffb-id-3kg1400q{ margin-top: 55px;}}@media (min-width:1200px) { .ffb-id-3kg1400q{ margin-top: 55px;}}.ffb-id-3kg14016{ margin-bottom: 3px;}.ffb-id-3kg1401c{ padding-top: 40px;padding-right: 20px;padding-bottom: 20px;padding-left: 20px;}@media (min-width:768px) { .ffb-id-3kg1401c{ padding-right: 40px;padding-left: 40px;}}@media (min-width:992px) { .ffb-id-3kg1401c{ padding-right: 60px;padding-bottom: 40px;padding-left: 60px;}}.ffb-id-3kg1401c{ text-align: center !important;}.ffb-id-3kg1401c ,.ffb-id-3kg1401c:before,.ffb-id-3kg1401c:after,.ffb-id-3kg1401c:hover,.ffb-id-3kg1401c:focus,.ffb-id-3kg1401c *,.ffb-id-3kg1401c *:before,.ffb-id-3kg1401c *:after,.ffb-id-3kg1401c *:hover,.ffb-id-3kg1401c *:focus{ text-align: center !important;}.ffb-id-3kg1401f .ffb-h2-1{ margin-bottom: 0px;}.ffb-id-3kg1401f .ffb-h2-1{ font-size: 24px !important;}.ffb-id-3kg1401f .ffb-h2-1 ,.ffb-id-3kg1401f .ffb-h2-1:before,.ffb-id-3kg1401f .ffb-h2-1:after,.ffb-id-3kg1401f .ffb-h2-1:hover,.ffb-id-3kg1401f .ffb-h2-1:focus,.ffb-id-3kg1401f .ffb-h2-1 *,.ffb-id-3kg1401f .ffb-h2-1 *:before,.ffb-id-3kg1401f .ffb-h2-1 *:after,.ffb-id-3kg1401f .ffb-h2-1 *:hover,.ffb-id-3kg1401f .ffb-h2-1 *:focus{ font-size: 24px !important;}.ffb-id-3kg1401f{ margin-top: -5px;margin-bottom: 15px;}.ffb-id-3kg1400r{ margin-bottom: 3px;}.ffb-id-3kg14011{ padding-top: 40px;padding-right: 20px;padding-bottom: 20px;padding-left: 20px;}@media (min-width:768px) { .ffb-id-3kg14011{ padding-right: 40px;padding-left: 40px;}}@media (min-width:992px) { .ffb-id-3kg14011{ padding-right: 60px;padding-bottom: 40px;padding-left: 60px;}}.ffb-id-3kg14011{ text-align: center !important;}.ffb-id-3kg14011 ,.ffb-id-3kg14011:before,.ffb-id-3kg14011:after,.ffb-id-3kg14011:hover,.ffb-id-3kg14011:focus,.ffb-id-3kg14011 *,.ffb-id-3kg14011 *:before,.ffb-id-3kg14011 *:after,.ffb-id-3kg14011 *:hover,.ffb-id-3kg14011 *:focus{ text-align: center !important;}.ffb-id-3kg14014 .ffb-h2-1{ margin-bottom: 0px;}.ffb-id-3kg14014 .ffb-h2-1{ font-size: 24px !important;}.ffb-id-3kg14014 .ffb-h2-1 ,.ffb-id-3kg14014 .ffb-h2-1:before,.ffb-id-3kg14014 .ffb-h2-1:after,.ffb-id-3kg14014 .ffb-h2-1:hover,.ffb-id-3kg14014 .ffb-h2-1:focus,.ffb-id-3kg14014 .ffb-h2-1 *,.ffb-id-3kg14014 .ffb-h2-1 *:before,.ffb-id-3kg14014 .ffb-h2-1 *:after,.ffb-id-3kg14014 .ffb-h2-1 *:hover,.ffb-id-3kg14014 .ffb-h2-1 *:focus{ font-size: 24px !important;}.ffb-id-3kg14014{ margin-top: -5px;margin-bottom: 15px;}<\/style><script type=\"text\/javascript\"><\/script><section class=\"ffb-id-3jggb2ij fg-section fg-text-dark\"><div class=\"fg-container container fg-container-large fg-container-lvl--1 \"><div class=\"fg-row row    \" ><div class=\"ffb-id-3jggb2ik fg-col col-xs-12 col-md-12 fg-text-dark\"><h2 class=\"ffb-id-3kg1c78v fg-heading text-center  text-md-left  fg-text-dark\">Budujemy trwa\u0142e i wydajne urz\u0105dzenia produkcyjne<\/h2><div class=\"ffb-id-3jggbc9u fg-paragraph ff-richtext text-center  text-md-left  fg-text-dark\"><\/p>\n<ul>\n<li>Budujemy trwa\u0142e i wydajne maszyny z zachowaniem wszelkich zasad bezpiecze\u0144stwa.<\/li>\n<li>Projektujemy i wdra\u017camy autorskie uk\u0142ady automatyki i <a href=\"\/oferta\/robotyka\/\">robotyki<\/a> w przemy\u015ble.<\/li>\n<li>Oferujemy innowacyjne rozwi\u0105zania w oparciu o nowoczesne i sprawdzone podzespo\u0142y.<\/li>\n<li>Projekty obejmuj\u0105 kompleksowe rozwi\u0105zania z zakresu sterowania, wizualizacji i integracji.<\/li>\n<\/ul>\n<p><\/div><\/div><\/div><\/div><\/section><style>.ffb-id-3kg1400q > .fg-container > .fg-row{ \nmargin-left:-10px;\nmargin-right:-10px;\n\n}\n.ffb-id-3kg1400q > .fg-container  > .fg-row > .fg-col{ \npadding-left:10px;\npadding-right:10px\n\n}\n.ffb-id-3kg1400q{ \nmargin-top: 55px;\nmargin-right: 0px;\nmargin-bottom: 25px;\nmargin-left: 0px;\npadding-top: 20px;\npadding-right: 0px;\npadding-bottom: 20px;\npadding-left: 0px;\n\n}\n@media (min-width:768px) { \n.ffb-id-3kg1400q{ \nmargin-top: 55px;\n\n}\n}@media (min-width:992px) { \n.ffb-id-3kg1400q{ \nmargin-top: 55px;\n\n}\n}@media (min-width:1200px) { \n.ffb-id-3kg1400q{ \nmargin-top: 55px;\n\n}\n}.ffb-id-3kg14016{ \nmargin-bottom: 3px;\n\n}\n.ffb-id-3kg1401c{ \npadding-top: 40px;\npadding-right: 20px;\npadding-bottom: 20px;\npadding-left: 20px;\n\n}\n@media (min-width:768px) { \n.ffb-id-3kg1401c{ \npadding-right: 40px;\npadding-left: 40px;\n\n}\n}@media (min-width:992px) { \n.ffb-id-3kg1401c{ \npadding-right: 60px;\npadding-bottom: 40px;\npadding-left: 60px;\n\n}\n}.ffb-id-3kg1401c{ \ntext-align: center !important;\n}\n.ffb-id-3kg1401c ,\n.ffb-id-3kg1401c:before,\n.ffb-id-3kg1401c:after,\n.ffb-id-3kg1401c:hover,\n.ffb-id-3kg1401c:focus,\n.ffb-id-3kg1401c *,\n.ffb-id-3kg1401c *:before,\n.ffb-id-3kg1401c *:after,\n.ffb-id-3kg1401c *:hover,\n.ffb-id-3kg1401c *:focus{ \ntext-align: center !important;\n}\n.ffb-id-3kg1401f .ffb-h2-1{ \nmargin-bottom: 0px;\n\n}\n.ffb-id-3kg1401f .ffb-h2-1{ \nfont-size: 24px !important;\n}\n.ffb-id-3kg1401f .ffb-h2-1 ,\n.ffb-id-3kg1401f .ffb-h2-1:before,\n.ffb-id-3kg1401f .ffb-h2-1:after,\n.ffb-id-3kg1401f .ffb-h2-1:hover,\n.ffb-id-3kg1401f .ffb-h2-1:focus,\n.ffb-id-3kg1401f .ffb-h2-1 *,\n.ffb-id-3kg1401f .ffb-h2-1 *:before,\n.ffb-id-3kg1401f .ffb-h2-1 *:after,\n.ffb-id-3kg1401f .ffb-h2-1 *:hover,\n.ffb-id-3kg1401f .ffb-h2-1 *:focus{ \nfont-size: 24px !important;\n}\n.ffb-id-3kg1401f{ \nmargin-top: -5px;\nmargin-bottom: 15px;\n\n}\n.ffb-id-3kg1400r{ \nmargin-bottom: 3px;\n\n}\n.ffb-id-3kg14011{ \npadding-top: 40px;\npadding-right: 20px;\npadding-bottom: 20px;\npadding-left: 20px;\n\n}\n@media (min-width:768px) { \n.ffb-id-3kg14011{ \npadding-right: 40px;\npadding-left: 40px;\n\n}\n}@media (min-width:992px) { \n.ffb-id-3kg14011{ \npadding-right: 60px;\npadding-bottom: 40px;\npadding-left: 60px;\n\n}\n}.ffb-id-3kg14011{ \ntext-align: center !important;\n}\n.ffb-id-3kg14011 ,\n.ffb-id-3kg14011:before,\n.ffb-id-3kg14011:after,\n.ffb-id-3kg14011:hover,\n.ffb-id-3kg14011:focus,\n.ffb-id-3kg14011 *,\n.ffb-id-3kg14011 *:before,\n.ffb-id-3kg14011 *:after,\n.ffb-id-3kg14011 *:hover,\n.ffb-id-3kg14011 *:focus{ \ntext-align: center !important;\n}\n.ffb-id-3kg14014 .ffb-h2-1{ \nmargin-bottom: 0px;\n\n}\n.ffb-id-3kg14014 .ffb-h2-1{ \nfont-size: 24px !important;\n}\n.ffb-id-3kg14014 .ffb-h2-1 ,\n.ffb-id-3kg14014 .ffb-h2-1:before,\n.ffb-id-3kg14014 .ffb-h2-1:after,\n.ffb-id-3kg14014 .ffb-h2-1:hover,\n.ffb-id-3kg14014 .ffb-h2-1:focus,\n.ffb-id-3kg14014 .ffb-h2-1 *,\n.ffb-id-3kg14014 .ffb-h2-1 *:before,\n.ffb-id-3kg14014 .ffb-h2-1 *:after,\n.ffb-id-3kg14014 .ffb-h2-1 *:hover,\n.ffb-id-3kg14014 .ffb-h2-1 *:focus{ \nfont-size: 24px !important;\n}\n.ffb-id-3kg14014{ \nmargin-top: -5px;\nmargin-bottom: 15px;\n\n}\n.ffb-id-3jggb2ij{ margin-bottom: 20px;}<\/style><script type=\"text\/javascript\"><\/script><section class=\"ffb-id-3kg27bfp fg-section fg-text-dark\"><div class=\"fg-container container fg-container-large fg-container-lvl--1 \"><div class=\"fg-row row    \" ><div class=\"ffb-id-3kg27bfq fg-col col-xs-12 col-md-12 fg-text-dark\"><h2 class=\"ffb-id-3kg27bft fg-heading text-center  text-md-left  fg-text-dark\">Przeprowadzamy okresowe kontrole wyposa\u017cenia ochronnego maszyn<\/h2><div class=\"ffb-id-3kg27bfu fg-paragraph ff-richtext text-center  text-md-left  fg-text-dark\"><\/p>\n<p>Zgodnie z wymaganiami przedstawionymi w Dyrektywie Parlamentu Europejskiego 2009\/104\/WE, pracodawca jest zobowi\u0105zany do przeprowadzania okresowych kontroli wyposa\u017cenia ochronnego maszyn. Gdy maszyna jest wyposa\u017cona w optoelektroniczne kurtyny bezpiecze\u0144stwa, urz\u0105dzenia startu obur\u0119cznego, skanery bezpiecze\u0144stwa, kra\u0144c\u00f3wki os\u0142on bezpiecze\u0144stwa bez funkcji ryglowania lub inne elementy bezpiecze\u0144stwa, kt\u00f3re nie zapewniaj\u0105 fizycznego odgrodzenia stref niebezpiecznych od operatora czy os\u00f3b postronnych, konieczne jest przeprowadzenie pomiaru czasu zatrzymania element\u00f3w ruchomych maszyny wed\u0142ug PN-EN ISO 13855:2010 \u201eBezpiecze\u0144stwo maszyn - Umiejscowienie wyposa\u017cenia ochronnego ze wzgl\u0119du na pr\u0119dko\u015bci zbli\u017cania cz\u0119\u015bci cia\u0142a cz\u0142owieka\u201d.<\/p>\n<p><\/div><\/div><\/div><\/div><\/section><style>.ffb-id-3jggb2ij{ \nmargin-bottom: 20px;\n\n}\n.ffb-id-3kg27bfp{ margin-bottom: 20px;}<\/style><script type=\"text\/javascript\"><\/script><section class=\"ffb-id-3kg2ae1l fg-section fg-text-dark\"><div class=\"fg-container container fg-container-large fg-container-lvl--1 \"><div class=\"fg-row row    \" ><div class=\"ffb-id-3kg2ae1m fg-col col-xs-12 col-md-12 fg-text-dark\"><h2 class=\"ffb-id-3kg2ae1p fg-heading text-center  text-md-left  fg-text-dark\">Programujemy roboty Kuka, Yaskawa, Universal Robots<\/h2><div class=\"ffb-id-3kg2ae1q fg-paragraph ff-richtext text-center  text-md-left  fg-text-dark\"><\/p>\n<p>Mamy ponad 7-letnie do\u015bwiadczenie w obs\u0142udze robot\u00f3w. Dlatego oferujemy klientom wsparcie zar\u00f3wno na etapie wdra\u017cania nowych maszyn, jak i ich obs\u0142ugi czy usuwania usterek. W zakresie us\u0142ug znajduj\u0105 si\u0119:<\/p>\n<ul>\n<li>programy spawalnicze, handlingowe, systemowe (Makro job, System job),<\/li>\n<li>kalibracja robota wraz z osiami zewn\u0119trznymi, obs\u0142uga systemu Zeroing System, obs\u0142uga program\u00f3w Motosim, Motocalv (programy do symulacji komputerowej oraz kalibracji idealnego TCP robota),<\/li>\n<li>uruchomienie nowo powsta\u0142ych stanowisk,<\/li>\n<li>przywracanie robota do pracy po powa\u017cnych kolizjach.<\/li>\n<\/ul>\n<p><\/div><\/div><\/div><\/div><\/section><style>.ffb-id-3kg27bfp{ \nmargin-bottom: 20px;\n\n}\n.ffb-id-3kg2ae1l{ margin-bottom: 20px;}<\/style><script type=\"text\/javascript\"><\/script><section class=\"ffb-id-3kg2e01p fg-section fg-text-dark\"><div class=\"fg-container container fg-container-large fg-container-lvl--1 \"><div class=\"fg-row row    \" ><div class=\"ffb-id-3kg2e01q fg-col col-xs-12 col-md-12 fg-text-dark\"><h2 class=\"ffb-id-3kg2e01t fg-heading text-center  text-md-left  fg-text-dark\">Specjalizujemy si\u0119 w programowaniu spawarek<\/h2><div class=\"ffb-id-3kg2e01u fg-paragraph ff-richtext text-center  text-md-left  fg-text-dark\"><\/p>\n<ul>\n<li>SKS (Mig-Mag, I-Puls, KF-Puls, Micro-Mig)<\/li>\n<li>Fronius (Standard, Puls, CMT, CMT+P)<\/li>\n<\/ul>\n<p><\/div><\/div><\/div><\/div><\/section><style>.ffb-id-3kg2ae1l{ \nmargin-bottom: 20px;\n\n}\n.ffb-id-3kg2e01p{ margin-bottom: 20px;}<\/style><script type=\"text\/javascript\"><\/script><section class=\"ffb-id-3kg2fk43 fg-section fg-text-dark\"><div class=\"fg-container container fg-container-large fg-container-lvl--1 \"><div class=\"fg-row row    \" ><div class=\"ffb-id-3kg2fk44 fg-col col-xs-12 col-md-12 fg-text-dark\"><h2 class=\"ffb-id-3kg2fk47 fg-heading text-center  text-md-left  fg-text-dark\">Prowadzimy szkolenia u klienta<\/h2><\/div><\/div><\/div><\/section><style>.ffb-id-3kg2e01p{ \nmargin-bottom: 20px;\n\n}\n.ffb-id-3kg2fk43{ margin-bottom: 20px;}<\/style><script type=\"text\/javascript\"><\/script><\/p>\n","protected":false},"excerpt":{"rendered":"","protected":false},"author":1,"featured_media":0,"parent":0,"menu_order":0,"comment_status":"closed","ping_status":"closed","template":"","meta":{"footnotes":""},"class_list":["post-37","page","type-page","status-publish","hentry","post-wrapper"],"yoast_head":"<!-- This site is optimized with the Yoast SEO plugin v27.6 - https:\/\/yoast.com\/product\/yoast-seo-wordpress\/ -->\n<title>Urz\u0105dzenia produkcyjne, stanowiska zrobotyzowane | Oferta<\/title>\n<meta name=\"description\" content=\"\u015awiadczymy us\u0142ugi z zakresu projektowania i budowy urz\u0105dze\u0144, maszyn oraz linii produkcyjnych na potrzeby zak\u0142adu. Zajmujemy si\u0119 te\u017c programowaniem robot\u00f3w.\" \/>\n<meta name=\"robots\" content=\"index, follow, max-snippet:-1, max-image-preview:large, max-video-preview:-1\" \/>\n<link rel=\"canonical\" href=\"https:\/\/forcontrol.eu\/index.php\/oferta\/\" \/>\n<meta property=\"og:locale\" content=\"pl_PL\" \/>\n<meta property=\"og:type\" content=\"article\" \/>\n<meta property=\"og:title\" content=\"Urz\u0105dzenia produkcyjne, stanowiska zrobotyzowane | Oferta\" \/>\n<meta property=\"og:description\" content=\"\u015awiadczymy us\u0142ugi z zakresu projektowania i budowy urz\u0105dze\u0144, maszyn oraz linii produkcyjnych na potrzeby zak\u0142adu. Zajmujemy si\u0119 te\u017c programowaniem robot\u00f3w.\" \/>\n<meta property=\"og:url\" content=\"https:\/\/forcontrol.eu\/index.php\/oferta\/\" \/>\n<meta property=\"article:modified_time\" content=\"2021-04-14T16:04:18+00:00\" \/>\n<meta name=\"twitter:card\" content=\"summary_large_image\" \/>\n<meta name=\"twitter:label1\" content=\"Szacowany czas czytania\" \/>\n\t<meta name=\"twitter:data1\" content=\"17 minut\" \/>\n<script type=\"application\/ld+json\" class=\"yoast-schema-graph\">{\"@context\":\"https:\\\/\\\/schema.org\",\"@graph\":[{\"@type\":\"WebPage\",\"@id\":\"https:\\\/\\\/forcontrol.eu\\\/index.php\\\/oferta\\\/\",\"url\":\"https:\\\/\\\/forcontrol.eu\\\/index.php\\\/oferta\\\/\",\"name\":\"Urz\u0105dzenia produkcyjne, stanowiska zrobotyzowane | Oferta\",\"isPartOf\":{\"@id\":\"https:\\\/\\\/forcontrol.eu\\\/#website\"},\"datePublished\":\"2019-12-06T13:57:43+00:00\",\"dateModified\":\"2021-04-14T16:04:18+00:00\",\"description\":\"\u015awiadczymy us\u0142ugi z zakresu projektowania i budowy urz\u0105dze\u0144, maszyn oraz linii produkcyjnych na potrzeby zak\u0142adu. Zajmujemy si\u0119 te\u017c programowaniem robot\u00f3w.\",\"breadcrumb\":{\"@id\":\"https:\\\/\\\/forcontrol.eu\\\/index.php\\\/oferta\\\/#breadcrumb\"},\"inLanguage\":\"pl-PL\",\"potentialAction\":[{\"@type\":\"ReadAction\",\"target\":[\"https:\\\/\\\/forcontrol.eu\\\/index.php\\\/oferta\\\/\"]}]},{\"@type\":\"BreadcrumbList\",\"@id\":\"https:\\\/\\\/forcontrol.eu\\\/index.php\\\/oferta\\\/#breadcrumb\",\"itemListElement\":[{\"@type\":\"ListItem\",\"position\":1,\"name\":\"Strona g\u0142\u00f3wna\",\"item\":\"https:\\\/\\\/forcontrol.eu\\\/\"},{\"@type\":\"ListItem\",\"position\":2,\"name\":\"Oferta\"}]},{\"@type\":\"WebSite\",\"@id\":\"https:\\\/\\\/forcontrol.eu\\\/#website\",\"url\":\"https:\\\/\\\/forcontrol.eu\\\/\",\"name\":\"\",\"description\":\"\",\"potentialAction\":[{\"@type\":\"SearchAction\",\"target\":{\"@type\":\"EntryPoint\",\"urlTemplate\":\"https:\\\/\\\/forcontrol.eu\\\/?s={search_term_string}\"},\"query-input\":{\"@type\":\"PropertyValueSpecification\",\"valueRequired\":true,\"valueName\":\"search_term_string\"}}],\"inLanguage\":\"pl-PL\"}]}<\/script>\n<!-- \/ Yoast SEO plugin. -->","yoast_head_json":{"title":"Urz\u0105dzenia produkcyjne, stanowiska zrobotyzowane | Oferta","description":"\u015awiadczymy us\u0142ugi z zakresu projektowania i budowy urz\u0105dze\u0144, maszyn oraz linii produkcyjnych na potrzeby zak\u0142adu. Zajmujemy si\u0119 te\u017c programowaniem robot\u00f3w.","robots":{"index":"index","follow":"follow","max-snippet":"max-snippet:-1","max-image-preview":"max-image-preview:large","max-video-preview":"max-video-preview:-1"},"canonical":"https:\/\/forcontrol.eu\/index.php\/oferta\/","og_locale":"pl_PL","og_type":"article","og_title":"Urz\u0105dzenia produkcyjne, stanowiska zrobotyzowane | Oferta","og_description":"\u015awiadczymy us\u0142ugi z zakresu projektowania i budowy urz\u0105dze\u0144, maszyn oraz linii produkcyjnych na potrzeby zak\u0142adu. Zajmujemy si\u0119 te\u017c programowaniem robot\u00f3w.","og_url":"https:\/\/forcontrol.eu\/index.php\/oferta\/","article_modified_time":"2021-04-14T16:04:18+00:00","twitter_card":"summary_large_image","twitter_misc":{"Szacowany czas czytania":"17 minut"},"schema":{"@context":"https:\/\/schema.org","@graph":[{"@type":"WebPage","@id":"https:\/\/forcontrol.eu\/index.php\/oferta\/","url":"https:\/\/forcontrol.eu\/index.php\/oferta\/","name":"Urz\u0105dzenia produkcyjne, stanowiska zrobotyzowane | Oferta","isPartOf":{"@id":"https:\/\/forcontrol.eu\/#website"},"datePublished":"2019-12-06T13:57:43+00:00","dateModified":"2021-04-14T16:04:18+00:00","description":"\u015awiadczymy us\u0142ugi z zakresu projektowania i budowy urz\u0105dze\u0144, maszyn oraz linii produkcyjnych na potrzeby zak\u0142adu. Zajmujemy si\u0119 te\u017c programowaniem robot\u00f3w.","breadcrumb":{"@id":"https:\/\/forcontrol.eu\/index.php\/oferta\/#breadcrumb"},"inLanguage":"pl-PL","potentialAction":[{"@type":"ReadAction","target":["https:\/\/forcontrol.eu\/index.php\/oferta\/"]}]},{"@type":"BreadcrumbList","@id":"https:\/\/forcontrol.eu\/index.php\/oferta\/#breadcrumb","itemListElement":[{"@type":"ListItem","position":1,"name":"Strona g\u0142\u00f3wna","item":"https:\/\/forcontrol.eu\/"},{"@type":"ListItem","position":2,"name":"Oferta"}]},{"@type":"WebSite","@id":"https:\/\/forcontrol.eu\/#website","url":"https:\/\/forcontrol.eu\/","name":"","description":"","potentialAction":[{"@type":"SearchAction","target":{"@type":"EntryPoint","urlTemplate":"https:\/\/forcontrol.eu\/?s={search_term_string}"},"query-input":{"@type":"PropertyValueSpecification","valueRequired":true,"valueName":"search_term_string"}}],"inLanguage":"pl-PL"}]}},"_links":{"self":[{"href":"https:\/\/forcontrol.eu\/index.php\/wp-json\/wp\/v2\/pages\/37","targetHints":{"allow":["GET"]}}],"collection":[{"href":"https:\/\/forcontrol.eu\/index.php\/wp-json\/wp\/v2\/pages"}],"about":[{"href":"https:\/\/forcontrol.eu\/index.php\/wp-json\/wp\/v2\/types\/page"}],"author":[{"embeddable":true,"href":"https:\/\/forcontrol.eu\/index.php\/wp-json\/wp\/v2\/users\/1"}],"replies":[{"embeddable":true,"href":"https:\/\/forcontrol.eu\/index.php\/wp-json\/wp\/v2\/comments?post=37"}],"version-history":[{"count":20,"href":"https:\/\/forcontrol.eu\/index.php\/wp-json\/wp\/v2\/pages\/37\/revisions"}],"predecessor-version":[{"id":533,"href":"https:\/\/forcontrol.eu\/index.php\/wp-json\/wp\/v2\/pages\/37\/revisions\/533"}],"wp:attachment":[{"href":"https:\/\/forcontrol.eu\/index.php\/wp-json\/wp\/v2\/media?parent=37"}],"curies":[{"name":"wp","href":"https:\/\/api.w.org\/{rel}","templated":true}]}}