{"id":444,"date":"2020-08-17T12:43:25","date_gmt":"2020-08-17T10:43:25","guid":{"rendered":"https:\/\/forcontrol.eu\/?page_id=444"},"modified":"2021-04-07T20:59:56","modified_gmt":"2021-04-07T18:59:56","slug":"inteligentne-systemy-transportowe","status":"publish","type":"page","link":"https:\/\/forcontrol.eu\/index.php\/oferta\/inteligentne-systemy-transportowe\/","title":{"rendered":"Inteligentne systemy transportowe"},"content":{"rendered":"<section class=\"ffb-id-48l2pqp8 fg-section fg-text-dark\"><div class=\"fg-container container fg-container-large fg-container-lvl--1 \"><div class=\"fg-row row    \" ><div class=\"ffb-id-48l2pqp9 fg-col col-xs-12 col-md-12 fg-text-dark\"><h1 class=\"ffb-id-48l2pt6v fg-heading text-center    fg-text-dark\"><\/p>\n<h1 style=\"text-align: left\">Inteligentne systemy transportowe<\/h1>\n<p><\/h1><\/div><div class=\"ffb-id-48l2r21t fg-col col-xs-12 col-md-12 fg-text-dark\"><div class=\"ffb-id-48l2r8oe fg-paragraph ff-richtext text-left    fg-text-dark\"><\/p>\n<p>System transportu wewn\u0119trznego jest sta\u0142ym elementem wyposa\u017cenia wielu zak\u0142ad&oacute;w produkcyjnych. Obejmuje zar&oacute;wno tradycyjne ta\u015bmoci\u0105gi przeznaczone do przemieszczania surowc&oacute;w czy p&oacute;\u0142produkt&oacute;w mi\u0119dzy stanowiskami, jak i samojezdne w&oacute;zki transportowe czy linie podwieszane. Szczeg&oacute;lnie w dobie automatyzacji przemys\u0142u, gdy coraz wi\u0119ksze znaczenie zyskuje <a href=\"https:\/\/forcontrol.eu\/index.php\/oferta\/robotyka\">nowoczesna robotyka<\/a>, pojawia si\u0119 du\u017ce zapotrzebowanie na <strong>inteligentne systemy transportowe<\/strong>.<\/p>\n<p>Zastosowanie zautomatyzowanych rozwi\u0105za\u0144 jest bardzo szerokie. Mog\u0105 one by\u0107 wykorzystywane w przemy\u015ble motoryzacyjnym, w transporcie mi\u0119sa poddawanego obr&oacute;bce, opakowa\u0144 szklanych przeznaczonych do nape\u0142niania czy mycia, pojemnik&oacute;w transportowych, pakiet&oacute;w do paletyzacji, pude\u0142ek i innych opakowa\u0144 jednostkowych czy element&oacute;w przeznaczonych do monta\u017cu. Inteligentne systemy transportowe stanowi\u0105 uzupe\u0142nienie kompletnych linii produkcyjnych, umo\u017cliwiaj\u0105c sprawne, szybkie i co wa\u017cniejsze &ndash; rytmiczne przemieszczanie element&oacute;w pomi\u0119dzy stanowiskami.<\/p>\n<p>Projektowane przez nas systemy s\u0105 dostosowane zar&oacute;wno do rodzaju, jak i parametr&oacute;w przenoszonych element&oacute;w. Nowoczesne systemy sterowania umo\u017cliwiaj\u0105 te\u017c regulowanie tempa pracy transporter&oacute;w, w celu ich perfekcyjnego dopasowania do potrzeb procesu produkcyjnego.&nbsp;<\/p>\n<p>Zainteresowanych klient&oacute;w zapraszamy do kontaktu z nasz\u0105 firm\u0105 w Rybniku.<\/p>\n<p><\/div><\/div><\/div><\/div><\/section><style><\/style><script type=\"text\/javascript\"><\/script>\n","protected":false},"excerpt":{"rendered":"","protected":false},"author":2,"featured_media":0,"parent":37,"menu_order":0,"comment_status":"closed","ping_status":"closed","template":"","meta":{"footnotes":""},"class_list":["post-444","page","type-page","status-publish","hentry","post-wrapper"],"yoast_head":"<!-- This site is optimized with the Yoast SEO plugin v27.4 - https:\/\/yoast.com\/product\/yoast-seo-wordpress\/ -->\n<title>Inteligentne systemy transportowe | Projektowanie i monta\u017c<\/title>\n<meta name=\"description\" content=\"Projektujemy inteligentne systemy transportowe niezb\u0119dne do organizacji proces\u00f3w produkcyjnych w firmie. Stosujemy innowacyjne rozwiania. Sprawd\u017a ofert\u0119.\" \/>\n<meta name=\"robots\" content=\"index, follow, max-snippet:-1, max-image-preview:large, max-video-preview:-1\" \/>\n<link rel=\"canonical\" href=\"https:\/\/forcontrol.eu\/index.php\/oferta\/inteligentne-systemy-transportowe\/\" \/>\n<meta property=\"og:locale\" content=\"pl_PL\" \/>\n<meta property=\"og:type\" content=\"article\" \/>\n<meta property=\"og:title\" content=\"Inteligentne systemy transportowe | Projektowanie i monta\u017c\" \/>\n<meta property=\"og:description\" content=\"Projektujemy inteligentne systemy transportowe niezb\u0119dne do organizacji proces\u00f3w produkcyjnych w firmie. Stosujemy innowacyjne rozwiania. Sprawd\u017a ofert\u0119.\" \/>\n<meta property=\"og:url\" content=\"https:\/\/forcontrol.eu\/index.php\/oferta\/inteligentne-systemy-transportowe\/\" \/>\n<meta property=\"article:modified_time\" content=\"2021-04-07T18:59:56+00:00\" \/>\n<meta name=\"twitter:card\" content=\"summary_large_image\" \/>\n<meta name=\"twitter:label1\" content=\"Szacowany czas czytania\" \/>\n\t<meta name=\"twitter:data1\" content=\"3 minuty\" \/>\n<script type=\"application\/ld+json\" class=\"yoast-schema-graph\">{\"@context\":\"https:\\\/\\\/schema.org\",\"@graph\":[{\"@type\":\"WebPage\",\"@id\":\"https:\\\/\\\/forcontrol.eu\\\/index.php\\\/oferta\\\/inteligentne-systemy-transportowe\\\/\",\"url\":\"https:\\\/\\\/forcontrol.eu\\\/index.php\\\/oferta\\\/inteligentne-systemy-transportowe\\\/\",\"name\":\"Inteligentne systemy transportowe | Projektowanie i monta\u017c\",\"isPartOf\":{\"@id\":\"https:\\\/\\\/forcontrol.eu\\\/#website\"},\"datePublished\":\"2020-08-17T10:43:25+00:00\",\"dateModified\":\"2021-04-07T18:59:56+00:00\",\"description\":\"Projektujemy inteligentne systemy transportowe niezb\u0119dne do organizacji proces\u00f3w produkcyjnych w firmie. Stosujemy innowacyjne rozwiania. Sprawd\u017a ofert\u0119.\",\"breadcrumb\":{\"@id\":\"https:\\\/\\\/forcontrol.eu\\\/index.php\\\/oferta\\\/inteligentne-systemy-transportowe\\\/#breadcrumb\"},\"inLanguage\":\"pl-PL\",\"potentialAction\":[{\"@type\":\"ReadAction\",\"target\":[\"https:\\\/\\\/forcontrol.eu\\\/index.php\\\/oferta\\\/inteligentne-systemy-transportowe\\\/\"]}]},{\"@type\":\"BreadcrumbList\",\"@id\":\"https:\\\/\\\/forcontrol.eu\\\/index.php\\\/oferta\\\/inteligentne-systemy-transportowe\\\/#breadcrumb\",\"itemListElement\":[{\"@type\":\"ListItem\",\"position\":1,\"name\":\"Strona g\u0142\u00f3wna\",\"item\":\"https:\\\/\\\/forcontrol.eu\\\/\"},{\"@type\":\"ListItem\",\"position\":2,\"name\":\"Oferta\",\"item\":\"https:\\\/\\\/forcontrol.eu\\\/index.php\\\/oferta\\\/\"},{\"@type\":\"ListItem\",\"position\":3,\"name\":\"Inteligentne systemy transportowe\"}]},{\"@type\":\"WebSite\",\"@id\":\"https:\\\/\\\/forcontrol.eu\\\/#website\",\"url\":\"https:\\\/\\\/forcontrol.eu\\\/\",\"name\":\"\",\"description\":\"\",\"potentialAction\":[{\"@type\":\"SearchAction\",\"target\":{\"@type\":\"EntryPoint\",\"urlTemplate\":\"https:\\\/\\\/forcontrol.eu\\\/?s={search_term_string}\"},\"query-input\":{\"@type\":\"PropertyValueSpecification\",\"valueRequired\":true,\"valueName\":\"search_term_string\"}}],\"inLanguage\":\"pl-PL\"}]}<\/script>\n<!-- \/ Yoast SEO plugin. -->","yoast_head_json":{"title":"Inteligentne systemy transportowe | Projektowanie i monta\u017c","description":"Projektujemy inteligentne systemy transportowe niezb\u0119dne do organizacji proces\u00f3w produkcyjnych w firmie. Stosujemy innowacyjne rozwiania. Sprawd\u017a ofert\u0119.","robots":{"index":"index","follow":"follow","max-snippet":"max-snippet:-1","max-image-preview":"max-image-preview:large","max-video-preview":"max-video-preview:-1"},"canonical":"https:\/\/forcontrol.eu\/index.php\/oferta\/inteligentne-systemy-transportowe\/","og_locale":"pl_PL","og_type":"article","og_title":"Inteligentne systemy transportowe | Projektowanie i monta\u017c","og_description":"Projektujemy inteligentne systemy transportowe niezb\u0119dne do organizacji proces\u00f3w produkcyjnych w firmie. Stosujemy innowacyjne rozwiania. Sprawd\u017a ofert\u0119.","og_url":"https:\/\/forcontrol.eu\/index.php\/oferta\/inteligentne-systemy-transportowe\/","article_modified_time":"2021-04-07T18:59:56+00:00","twitter_card":"summary_large_image","twitter_misc":{"Szacowany czas czytania":"3 minuty"},"schema":{"@context":"https:\/\/schema.org","@graph":[{"@type":"WebPage","@id":"https:\/\/forcontrol.eu\/index.php\/oferta\/inteligentne-systemy-transportowe\/","url":"https:\/\/forcontrol.eu\/index.php\/oferta\/inteligentne-systemy-transportowe\/","name":"Inteligentne systemy transportowe | Projektowanie i monta\u017c","isPartOf":{"@id":"https:\/\/forcontrol.eu\/#website"},"datePublished":"2020-08-17T10:43:25+00:00","dateModified":"2021-04-07T18:59:56+00:00","description":"Projektujemy inteligentne systemy transportowe niezb\u0119dne do organizacji proces\u00f3w produkcyjnych w firmie. Stosujemy innowacyjne rozwiania. Sprawd\u017a ofert\u0119.","breadcrumb":{"@id":"https:\/\/forcontrol.eu\/index.php\/oferta\/inteligentne-systemy-transportowe\/#breadcrumb"},"inLanguage":"pl-PL","potentialAction":[{"@type":"ReadAction","target":["https:\/\/forcontrol.eu\/index.php\/oferta\/inteligentne-systemy-transportowe\/"]}]},{"@type":"BreadcrumbList","@id":"https:\/\/forcontrol.eu\/index.php\/oferta\/inteligentne-systemy-transportowe\/#breadcrumb","itemListElement":[{"@type":"ListItem","position":1,"name":"Strona g\u0142\u00f3wna","item":"https:\/\/forcontrol.eu\/"},{"@type":"ListItem","position":2,"name":"Oferta","item":"https:\/\/forcontrol.eu\/index.php\/oferta\/"},{"@type":"ListItem","position":3,"name":"Inteligentne systemy transportowe"}]},{"@type":"WebSite","@id":"https:\/\/forcontrol.eu\/#website","url":"https:\/\/forcontrol.eu\/","name":"","description":"","potentialAction":[{"@type":"SearchAction","target":{"@type":"EntryPoint","urlTemplate":"https:\/\/forcontrol.eu\/?s={search_term_string}"},"query-input":{"@type":"PropertyValueSpecification","valueRequired":true,"valueName":"search_term_string"}}],"inLanguage":"pl-PL"}]}},"_links":{"self":[{"href":"https:\/\/forcontrol.eu\/index.php\/wp-json\/wp\/v2\/pages\/444","targetHints":{"allow":["GET"]}}],"collection":[{"href":"https:\/\/forcontrol.eu\/index.php\/wp-json\/wp\/v2\/pages"}],"about":[{"href":"https:\/\/forcontrol.eu\/index.php\/wp-json\/wp\/v2\/types\/page"}],"author":[{"embeddable":true,"href":"https:\/\/forcontrol.eu\/index.php\/wp-json\/wp\/v2\/users\/2"}],"replies":[{"embeddable":true,"href":"https:\/\/forcontrol.eu\/index.php\/wp-json\/wp\/v2\/comments?post=444"}],"version-history":[{"count":6,"href":"https:\/\/forcontrol.eu\/index.php\/wp-json\/wp\/v2\/pages\/444\/revisions"}],"predecessor-version":[{"id":477,"href":"https:\/\/forcontrol.eu\/index.php\/wp-json\/wp\/v2\/pages\/444\/revisions\/477"}],"up":[{"embeddable":true,"href":"https:\/\/forcontrol.eu\/index.php\/wp-json\/wp\/v2\/pages\/37"}],"wp:attachment":[{"href":"https:\/\/forcontrol.eu\/index.php\/wp-json\/wp\/v2\/media?parent=444"}],"curies":[{"name":"wp","href":"https:\/\/api.w.org\/{rel}","templated":true}]}}