{"id":446,"date":"2020-08-17T12:44:14","date_gmt":"2020-08-17T10:44:14","guid":{"rendered":"https:\/\/forcontrol.eu\/?page_id=446"},"modified":"2021-04-07T21:00:38","modified_gmt":"2021-04-07T19:00:38","slug":"systemy-kontrolno-pomiarowe","status":"publish","type":"page","link":"https:\/\/forcontrol.eu\/index.php\/oferta\/systemy-kontrolno-pomiarowe\/","title":{"rendered":"Systemy kontrolno-pomiarowe"},"content":{"rendered":"<section class=\"ffb-id-48l30tnn fg-section fg-text-dark\"><div class=\"fg-container container fg-container-large fg-container-lvl--1 \"><div class=\"fg-row row    \" ><div class=\"ffb-id-48l30tno fg-col col-xs-12 col-md-12 fg-text-dark\"><h1 class=\"ffb-id-48l31608 fg-heading text-center    fg-text-dark\"><\/p>\n<h1>Systemy kontrolno-pomiarowe&nbsp;<\/h1>\n<p><\/h1><\/div><div class=\"ffb-id-48l31hkd fg-col col-xs-12 col-md-12 fg-text-dark\"><div class=\"ffb-id-48l31nd6 fg-paragraph ff-richtext text-left    fg-text-dark\"><\/p>\n<p>Jednym z wa\u017cniejszych etap&oacute;w ka\u017cdego procesu produkcyjnego, naprawy, modyfikacji czy remontu i konserwacji jest kontrola. Obejmuje ona zar&oacute;wno prawid\u0142owo\u015b\u0107 wykonywanych detali, jak i parametry pracy modu\u0142u czy kompletnego urz\u0105dzenia. <strong>Systemy kontrolno-pomiarowe<\/strong> s\u0105 niezb\u0119dne w niemal ka\u017cdym procesie wytw&oacute;rczym, pozwalaj\u0105 na sta\u0142e nadzorowanie wymiar&oacute;w wykonywanych element&oacute;w, jako\u015bci ich wyko\u0144cze\u0144, stopnia pokrycia czy wyg\u0142adzenia powierzchni i dziesi\u0105tek innych czynnik&oacute;w.<\/p>\n<p><a href=\"https:\/\/forcontrol.eu\/index.php\/oferta\/projektowanie-linii-produkcyjnych\">Projektowanie linii produkcyjnych<\/a> uzupe\u0142niamy o stanowiska kontrolno-pomiarowe. Tworz\u0105 je specjalistyczne maszyny przeznaczone np. do kontroli wa\u0142&oacute;w i osi, tarcz hamulcowych, do detekcji p\u0119kni\u0119\u0107, pomiaru grubo\u015bci pow\u0142oki lakierniczej, szczelno\u015bci po\u0142\u0105cze\u0144 itp. Za pomoc\u0105 bardzo dok\u0142adnych czujnik&oacute;w s\u0105 gromadzone dane, a nast\u0119pnie analizowane przez specjalistyczne programy komputerowe. W efekcie mo\u017cliwe jest wykrywanie najdrobniejszych nie\u015bcis\u0142o\u015bci w symetrii czy osi obrotu element&oacute;w.&nbsp;<\/p>\n<p>&nbsp;<\/p>\n<h2>Projektujemy i budujemy stanowiska kontrolno-pomiarowe<\/h2>\n<p>For Control zajmuje si\u0119 szeroko rozumian\u0105 automatyk\u0105 przemys\u0142ow\u0105 oraz konstruowaniem maszyn i linii produkcyjnych dla przedsi\u0119biorstw z r&oacute;\u017cnych bran\u017c. W kompletnym wyposa\u017ceniu takiego zak\u0142adu obowi\u0105zkowo powinny si\u0119 znale\u017a\u0107 r&oacute;wnie\u017c stanowiska kontrolno-pomiarowe. Wykonujemy projekty, kt&oacute;re uwzgl\u0119dniaj\u0105 specyfik\u0119 proces&oacute;w technologicznych oraz potrzeby zwi\u0105zane z kontrolowaniem dok\u0142adno\u015bci wykonywanych prac.&nbsp;<\/p>\n<p>Systemy kontrolno-pomiarowe pe\u0142ni\u0105 niezwykle istotn\u0105 funkcj\u0119 w wielu procesach wytw&oacute;rczych. Jednak szczeg&oacute;lnie wa\u017cne s\u0105 tam, gdzie od precyzji wykonania detali zale\u017c\u0105 bezpiecze\u0144stwo u\u017cytkownik&oacute;w i sprawno\u015b\u0107 maszyn. O ile o milimetr za grube ucho kubka do napoju wp\u0142ynie jedynie na jego estetyk\u0119, o tyle ten nadmierny milimetr uniemo\u017cliwi monta\u017c cz\u0119\u015bci lub zak\u0142&oacute;ci prace wa\u0142u korbowego w nap\u0119dzie silnika. Tworz\u0105c stanowiska kontrolno-pomiarowe, dobieramy najnowsze rozwi\u0105zania technologiczne z dziedziny technik pomiarowych i kontrolnych. Dzi\u0119ki temu gwarantuj\u0105 one precyzj\u0119 i niezawodno\u015b\u0107.<\/p>\n<p><\/div><\/div><\/div><\/div><\/section><style><\/style><script type=\"text\/javascript\"><\/script>\n","protected":false},"excerpt":{"rendered":"","protected":false},"author":2,"featured_media":0,"parent":37,"menu_order":0,"comment_status":"closed","ping_status":"closed","template":"","meta":{"footnotes":""},"class_list":["post-446","page","type-page","status-publish","hentry","post-wrapper"],"yoast_head":"<!-- This site is optimized with the Yoast SEO plugin v27.4 - https:\/\/yoast.com\/product\/yoast-seo-wordpress\/ -->\n<title>Systemy kontrolno-pomiarowe | Projekty i budowa stanowisk<\/title>\n<meta name=\"description\" content=\"Kontrola jako\u015bci wykonanych produkt\u00f3w to wa\u017cny element proces\u00f3w produkcyjnych. Klientom oferujemy nowoczesne, zautomatyzowane stanowiska kontrolno-pomiarowe.\" \/>\n<meta name=\"robots\" content=\"index, follow, max-snippet:-1, max-image-preview:large, max-video-preview:-1\" \/>\n<link rel=\"canonical\" href=\"https:\/\/forcontrol.eu\/index.php\/oferta\/systemy-kontrolno-pomiarowe\/\" \/>\n<meta property=\"og:locale\" content=\"pl_PL\" \/>\n<meta property=\"og:type\" content=\"article\" \/>\n<meta property=\"og:title\" content=\"Systemy kontrolno-pomiarowe | Projekty i budowa stanowisk\" \/>\n<meta property=\"og:description\" content=\"Kontrola jako\u015bci wykonanych produkt\u00f3w to wa\u017cny element proces\u00f3w produkcyjnych. Klientom oferujemy nowoczesne, zautomatyzowane stanowiska kontrolno-pomiarowe.\" \/>\n<meta property=\"og:url\" content=\"https:\/\/forcontrol.eu\/index.php\/oferta\/systemy-kontrolno-pomiarowe\/\" \/>\n<meta property=\"article:modified_time\" content=\"2021-04-07T19:00:38+00:00\" \/>\n<meta name=\"twitter:card\" content=\"summary_large_image\" \/>\n<meta name=\"twitter:label1\" content=\"Szacowany czas czytania\" \/>\n\t<meta name=\"twitter:data1\" content=\"4 minuty\" \/>\n<script type=\"application\/ld+json\" class=\"yoast-schema-graph\">{\"@context\":\"https:\\\/\\\/schema.org\",\"@graph\":[{\"@type\":\"WebPage\",\"@id\":\"https:\\\/\\\/forcontrol.eu\\\/index.php\\\/oferta\\\/systemy-kontrolno-pomiarowe\\\/\",\"url\":\"https:\\\/\\\/forcontrol.eu\\\/index.php\\\/oferta\\\/systemy-kontrolno-pomiarowe\\\/\",\"name\":\"Systemy kontrolno-pomiarowe | Projekty i budowa stanowisk\",\"isPartOf\":{\"@id\":\"https:\\\/\\\/forcontrol.eu\\\/#website\"},\"datePublished\":\"2020-08-17T10:44:14+00:00\",\"dateModified\":\"2021-04-07T19:00:38+00:00\",\"description\":\"Kontrola jako\u015bci wykonanych produkt\u00f3w to wa\u017cny element proces\u00f3w produkcyjnych. Klientom oferujemy nowoczesne, zautomatyzowane stanowiska kontrolno-pomiarowe.\",\"breadcrumb\":{\"@id\":\"https:\\\/\\\/forcontrol.eu\\\/index.php\\\/oferta\\\/systemy-kontrolno-pomiarowe\\\/#breadcrumb\"},\"inLanguage\":\"pl-PL\",\"potentialAction\":[{\"@type\":\"ReadAction\",\"target\":[\"https:\\\/\\\/forcontrol.eu\\\/index.php\\\/oferta\\\/systemy-kontrolno-pomiarowe\\\/\"]}]},{\"@type\":\"BreadcrumbList\",\"@id\":\"https:\\\/\\\/forcontrol.eu\\\/index.php\\\/oferta\\\/systemy-kontrolno-pomiarowe\\\/#breadcrumb\",\"itemListElement\":[{\"@type\":\"ListItem\",\"position\":1,\"name\":\"Strona g\u0142\u00f3wna\",\"item\":\"https:\\\/\\\/forcontrol.eu\\\/\"},{\"@type\":\"ListItem\",\"position\":2,\"name\":\"Oferta\",\"item\":\"https:\\\/\\\/forcontrol.eu\\\/index.php\\\/oferta\\\/\"},{\"@type\":\"ListItem\",\"position\":3,\"name\":\"Systemy kontrolno-pomiarowe\"}]},{\"@type\":\"WebSite\",\"@id\":\"https:\\\/\\\/forcontrol.eu\\\/#website\",\"url\":\"https:\\\/\\\/forcontrol.eu\\\/\",\"name\":\"\",\"description\":\"\",\"potentialAction\":[{\"@type\":\"SearchAction\",\"target\":{\"@type\":\"EntryPoint\",\"urlTemplate\":\"https:\\\/\\\/forcontrol.eu\\\/?s={search_term_string}\"},\"query-input\":{\"@type\":\"PropertyValueSpecification\",\"valueRequired\":true,\"valueName\":\"search_term_string\"}}],\"inLanguage\":\"pl-PL\"}]}<\/script>\n<!-- \/ Yoast SEO plugin. -->","yoast_head_json":{"title":"Systemy kontrolno-pomiarowe | Projekty i budowa stanowisk","description":"Kontrola jako\u015bci wykonanych produkt\u00f3w to wa\u017cny element proces\u00f3w produkcyjnych. Klientom oferujemy nowoczesne, zautomatyzowane stanowiska kontrolno-pomiarowe.","robots":{"index":"index","follow":"follow","max-snippet":"max-snippet:-1","max-image-preview":"max-image-preview:large","max-video-preview":"max-video-preview:-1"},"canonical":"https:\/\/forcontrol.eu\/index.php\/oferta\/systemy-kontrolno-pomiarowe\/","og_locale":"pl_PL","og_type":"article","og_title":"Systemy kontrolno-pomiarowe | Projekty i budowa stanowisk","og_description":"Kontrola jako\u015bci wykonanych produkt\u00f3w to wa\u017cny element proces\u00f3w produkcyjnych. Klientom oferujemy nowoczesne, zautomatyzowane stanowiska kontrolno-pomiarowe.","og_url":"https:\/\/forcontrol.eu\/index.php\/oferta\/systemy-kontrolno-pomiarowe\/","article_modified_time":"2021-04-07T19:00:38+00:00","twitter_card":"summary_large_image","twitter_misc":{"Szacowany czas czytania":"4 minuty"},"schema":{"@context":"https:\/\/schema.org","@graph":[{"@type":"WebPage","@id":"https:\/\/forcontrol.eu\/index.php\/oferta\/systemy-kontrolno-pomiarowe\/","url":"https:\/\/forcontrol.eu\/index.php\/oferta\/systemy-kontrolno-pomiarowe\/","name":"Systemy kontrolno-pomiarowe | Projekty i budowa stanowisk","isPartOf":{"@id":"https:\/\/forcontrol.eu\/#website"},"datePublished":"2020-08-17T10:44:14+00:00","dateModified":"2021-04-07T19:00:38+00:00","description":"Kontrola jako\u015bci wykonanych produkt\u00f3w to wa\u017cny element proces\u00f3w produkcyjnych. Klientom oferujemy nowoczesne, zautomatyzowane stanowiska kontrolno-pomiarowe.","breadcrumb":{"@id":"https:\/\/forcontrol.eu\/index.php\/oferta\/systemy-kontrolno-pomiarowe\/#breadcrumb"},"inLanguage":"pl-PL","potentialAction":[{"@type":"ReadAction","target":["https:\/\/forcontrol.eu\/index.php\/oferta\/systemy-kontrolno-pomiarowe\/"]}]},{"@type":"BreadcrumbList","@id":"https:\/\/forcontrol.eu\/index.php\/oferta\/systemy-kontrolno-pomiarowe\/#breadcrumb","itemListElement":[{"@type":"ListItem","position":1,"name":"Strona g\u0142\u00f3wna","item":"https:\/\/forcontrol.eu\/"},{"@type":"ListItem","position":2,"name":"Oferta","item":"https:\/\/forcontrol.eu\/index.php\/oferta\/"},{"@type":"ListItem","position":3,"name":"Systemy kontrolno-pomiarowe"}]},{"@type":"WebSite","@id":"https:\/\/forcontrol.eu\/#website","url":"https:\/\/forcontrol.eu\/","name":"","description":"","potentialAction":[{"@type":"SearchAction","target":{"@type":"EntryPoint","urlTemplate":"https:\/\/forcontrol.eu\/?s={search_term_string}"},"query-input":{"@type":"PropertyValueSpecification","valueRequired":true,"valueName":"search_term_string"}}],"inLanguage":"pl-PL"}]}},"_links":{"self":[{"href":"https:\/\/forcontrol.eu\/index.php\/wp-json\/wp\/v2\/pages\/446","targetHints":{"allow":["GET"]}}],"collection":[{"href":"https:\/\/forcontrol.eu\/index.php\/wp-json\/wp\/v2\/pages"}],"about":[{"href":"https:\/\/forcontrol.eu\/index.php\/wp-json\/wp\/v2\/types\/page"}],"author":[{"embeddable":true,"href":"https:\/\/forcontrol.eu\/index.php\/wp-json\/wp\/v2\/users\/2"}],"replies":[{"embeddable":true,"href":"https:\/\/forcontrol.eu\/index.php\/wp-json\/wp\/v2\/comments?post=446"}],"version-history":[{"count":2,"href":"https:\/\/forcontrol.eu\/index.php\/wp-json\/wp\/v2\/pages\/446\/revisions"}],"predecessor-version":[{"id":475,"href":"https:\/\/forcontrol.eu\/index.php\/wp-json\/wp\/v2\/pages\/446\/revisions\/475"}],"up":[{"embeddable":true,"href":"https:\/\/forcontrol.eu\/index.php\/wp-json\/wp\/v2\/pages\/37"}],"wp:attachment":[{"href":"https:\/\/forcontrol.eu\/index.php\/wp-json\/wp\/v2\/media?parent=446"}],"curies":[{"name":"wp","href":"https:\/\/api.w.org\/{rel}","templated":true}]}}