{"id":448,"date":"2020-08-17T12:44:38","date_gmt":"2020-08-17T10:44:38","guid":{"rendered":"https:\/\/forcontrol.eu\/?page_id=448"},"modified":"2021-04-07T21:01:11","modified_gmt":"2021-04-07T19:01:11","slug":"stanowiska-montazowe","status":"publish","type":"page","link":"https:\/\/forcontrol.eu\/index.php\/oferta\/stanowiska-montazowe\/","title":{"rendered":"Stanowiska monta\u017cowe"},"content":{"rendered":"<section class=\"ffb-id-48l3bdsk fg-section fg-text-dark\"><div class=\"fg-container container fg-container-large fg-container-lvl--1 \"><div class=\"fg-row row    \" ><div class=\"ffb-id-48l3bdsl fg-col col-xs-12 col-md-12 fg-text-dark\"><h2 class=\"ffb-id-48l3bgbv fg-heading text-center    fg-text-dark\"><\/p>\n<h1>Stanowiska monta\u017cowe<\/h1>\n<p><\/h2><div class=\"ffb-id-48l3bqqv fg-paragraph ff-richtext text-left    fg-text-dark\"><\/p>\n<p>Jednym z etap&oacute;w wielu proces&oacute;w produkcyjnych jest monta\u017c poszczeg&oacute;lnych element&oacute;w urz\u0105dzenia, produktu czy modu\u0142u. Obejmuje on uk\u0142adanie cz\u0119\u015bci w odpowiedniej kombinacji oraz ich \u0142\u0105czenie za pomoc\u0105 r&oacute;\u017cnych technik. Zaliczaj\u0105 si\u0119 do nich skr\u0119canie, nitowanie lub spawanie. Prace o charakterze monta\u017cowym s\u0105 \u017cmudne i powtarzalne. Dlatego wykonywanie ich przez cz\u0142owieka wi\u0105\u017ce si\u0119 z systematycznym spadkiem wydajno\u015bci w czasie. Zm\u0119czenie i monotonia negatywnie wp\u0142ywaj\u0105 r&oacute;wnie\u017c na jako\u015b\u0107, a zwi\u0105zany z nimi spadek poziomu koncentracji &ndash; na wypadkowo\u015b\u0107.<\/p>\n<p>Proponujemy przedsi\u0119biorcom rozwi\u0105zania, w kt&oacute;rych maszyny przejmuj\u0105 powtarzalne, stosunkowo proste prace wykonywane przez cz\u0142owieka. Obok us\u0142ugi, jak\u0105 jest <a href=\"https:\/\/forcontrol.eu\/index.php\/oferta\/projektowanie-linii-produkcyjnych\">projektowanie linii produkcyjnych<\/a>, projektujemy r&oacute;wnie\u017c i budujemy pojedyncze, wyspecjalizowane stanowiska monta\u017cowe. S\u0105 to zespo\u0142y maszyn lub urz\u0105dze\u0144, kt&oacute;re samodzielnie wykonuj\u0105 konkretn\u0105, zaprogramowan\u0105 sekwencj\u0119 czynno\u015bci: pocz\u0105wszy od u\u0142o\u017cenia element&oacute;w w okre\u015blonym miejscu, zamocowania wkr\u0119t&oacute;w lub spawania, a nast\u0119pnie przeniesienia gotowego produktu do stojaka czy pojemnika. Dla naszych klient&oacute;w z Rybnika i innych miast w Polsce wykonali\u015bmy ju\u017c liczne stanowiska monta\u017cowe i spawalnicze, a efekty pracy prezentujemy w galerii realizacji.<\/p>\n<p><\/div><\/div><\/div><\/div><\/section><style><\/style><script type=\"text\/javascript\"><\/script>\n","protected":false},"excerpt":{"rendered":"","protected":false},"author":2,"featured_media":0,"parent":37,"menu_order":0,"comment_status":"closed","ping_status":"closed","template":"","meta":{"footnotes":""},"class_list":["post-448","page","type-page","status-publish","hentry","post-wrapper"],"yoast_head":"<!-- This site is optimized with the Yoast SEO plugin v27.6 - https:\/\/yoast.com\/product\/yoast-seo-wordpress\/ -->\n<title>Stanowiska monta\u017cowe | Zrobotyzowane stanowiska spawalnicze<\/title>\n<meta name=\"description\" content=\"Jeste\u015bmy specjalistami od programowania i wdra\u017cania robot\u00f3w autonomicznych. Budujemy kompletne stanowiska monta\u017cowe z ich udzia\u0142em, w tym stanowiska spawalnicze.\" \/>\n<meta name=\"robots\" content=\"index, follow, max-snippet:-1, max-image-preview:large, max-video-preview:-1\" \/>\n<link rel=\"canonical\" href=\"https:\/\/forcontrol.eu\/index.php\/oferta\/stanowiska-montazowe\/\" \/>\n<meta property=\"og:locale\" content=\"pl_PL\" \/>\n<meta property=\"og:type\" content=\"article\" \/>\n<meta property=\"og:title\" content=\"Stanowiska monta\u017cowe | Zrobotyzowane stanowiska spawalnicze\" \/>\n<meta property=\"og:description\" content=\"Jeste\u015bmy specjalistami od programowania i wdra\u017cania robot\u00f3w autonomicznych. Budujemy kompletne stanowiska monta\u017cowe z ich udzia\u0142em, w tym stanowiska spawalnicze.\" \/>\n<meta property=\"og:url\" content=\"https:\/\/forcontrol.eu\/index.php\/oferta\/stanowiska-montazowe\/\" \/>\n<meta property=\"article:modified_time\" content=\"2021-04-07T19:01:11+00:00\" \/>\n<meta name=\"twitter:card\" content=\"summary_large_image\" \/>\n<meta name=\"twitter:label1\" content=\"Szacowany czas czytania\" \/>\n\t<meta name=\"twitter:data1\" content=\"2 minuty\" \/>\n<script type=\"application\/ld+json\" class=\"yoast-schema-graph\">{\"@context\":\"https:\\\/\\\/schema.org\",\"@graph\":[{\"@type\":\"WebPage\",\"@id\":\"https:\\\/\\\/forcontrol.eu\\\/index.php\\\/oferta\\\/stanowiska-montazowe\\\/\",\"url\":\"https:\\\/\\\/forcontrol.eu\\\/index.php\\\/oferta\\\/stanowiska-montazowe\\\/\",\"name\":\"Stanowiska monta\u017cowe | Zrobotyzowane stanowiska spawalnicze\",\"isPartOf\":{\"@id\":\"https:\\\/\\\/forcontrol.eu\\\/#website\"},\"datePublished\":\"2020-08-17T10:44:38+00:00\",\"dateModified\":\"2021-04-07T19:01:11+00:00\",\"description\":\"Jeste\u015bmy specjalistami od programowania i wdra\u017cania robot\u00f3w autonomicznych. Budujemy kompletne stanowiska monta\u017cowe z ich udzia\u0142em, w tym stanowiska spawalnicze.\",\"breadcrumb\":{\"@id\":\"https:\\\/\\\/forcontrol.eu\\\/index.php\\\/oferta\\\/stanowiska-montazowe\\\/#breadcrumb\"},\"inLanguage\":\"pl-PL\",\"potentialAction\":[{\"@type\":\"ReadAction\",\"target\":[\"https:\\\/\\\/forcontrol.eu\\\/index.php\\\/oferta\\\/stanowiska-montazowe\\\/\"]}]},{\"@type\":\"BreadcrumbList\",\"@id\":\"https:\\\/\\\/forcontrol.eu\\\/index.php\\\/oferta\\\/stanowiska-montazowe\\\/#breadcrumb\",\"itemListElement\":[{\"@type\":\"ListItem\",\"position\":1,\"name\":\"Strona g\u0142\u00f3wna\",\"item\":\"https:\\\/\\\/forcontrol.eu\\\/\"},{\"@type\":\"ListItem\",\"position\":2,\"name\":\"Oferta\",\"item\":\"https:\\\/\\\/forcontrol.eu\\\/index.php\\\/oferta\\\/\"},{\"@type\":\"ListItem\",\"position\":3,\"name\":\"Stanowiska monta\u017cowe\"}]},{\"@type\":\"WebSite\",\"@id\":\"https:\\\/\\\/forcontrol.eu\\\/#website\",\"url\":\"https:\\\/\\\/forcontrol.eu\\\/\",\"name\":\"\",\"description\":\"\",\"potentialAction\":[{\"@type\":\"SearchAction\",\"target\":{\"@type\":\"EntryPoint\",\"urlTemplate\":\"https:\\\/\\\/forcontrol.eu\\\/?s={search_term_string}\"},\"query-input\":{\"@type\":\"PropertyValueSpecification\",\"valueRequired\":true,\"valueName\":\"search_term_string\"}}],\"inLanguage\":\"pl-PL\"}]}<\/script>\n<!-- \/ Yoast SEO plugin. -->","yoast_head_json":{"title":"Stanowiska monta\u017cowe | Zrobotyzowane stanowiska spawalnicze","description":"Jeste\u015bmy specjalistami od programowania i wdra\u017cania robot\u00f3w autonomicznych. Budujemy kompletne stanowiska monta\u017cowe z ich udzia\u0142em, w tym stanowiska spawalnicze.","robots":{"index":"index","follow":"follow","max-snippet":"max-snippet:-1","max-image-preview":"max-image-preview:large","max-video-preview":"max-video-preview:-1"},"canonical":"https:\/\/forcontrol.eu\/index.php\/oferta\/stanowiska-montazowe\/","og_locale":"pl_PL","og_type":"article","og_title":"Stanowiska monta\u017cowe | Zrobotyzowane stanowiska spawalnicze","og_description":"Jeste\u015bmy specjalistami od programowania i wdra\u017cania robot\u00f3w autonomicznych. Budujemy kompletne stanowiska monta\u017cowe z ich udzia\u0142em, w tym stanowiska spawalnicze.","og_url":"https:\/\/forcontrol.eu\/index.php\/oferta\/stanowiska-montazowe\/","article_modified_time":"2021-04-07T19:01:11+00:00","twitter_card":"summary_large_image","twitter_misc":{"Szacowany czas czytania":"2 minuty"},"schema":{"@context":"https:\/\/schema.org","@graph":[{"@type":"WebPage","@id":"https:\/\/forcontrol.eu\/index.php\/oferta\/stanowiska-montazowe\/","url":"https:\/\/forcontrol.eu\/index.php\/oferta\/stanowiska-montazowe\/","name":"Stanowiska monta\u017cowe | Zrobotyzowane stanowiska spawalnicze","isPartOf":{"@id":"https:\/\/forcontrol.eu\/#website"},"datePublished":"2020-08-17T10:44:38+00:00","dateModified":"2021-04-07T19:01:11+00:00","description":"Jeste\u015bmy specjalistami od programowania i wdra\u017cania robot\u00f3w autonomicznych. Budujemy kompletne stanowiska monta\u017cowe z ich udzia\u0142em, w tym stanowiska spawalnicze.","breadcrumb":{"@id":"https:\/\/forcontrol.eu\/index.php\/oferta\/stanowiska-montazowe\/#breadcrumb"},"inLanguage":"pl-PL","potentialAction":[{"@type":"ReadAction","target":["https:\/\/forcontrol.eu\/index.php\/oferta\/stanowiska-montazowe\/"]}]},{"@type":"BreadcrumbList","@id":"https:\/\/forcontrol.eu\/index.php\/oferta\/stanowiska-montazowe\/#breadcrumb","itemListElement":[{"@type":"ListItem","position":1,"name":"Strona g\u0142\u00f3wna","item":"https:\/\/forcontrol.eu\/"},{"@type":"ListItem","position":2,"name":"Oferta","item":"https:\/\/forcontrol.eu\/index.php\/oferta\/"},{"@type":"ListItem","position":3,"name":"Stanowiska monta\u017cowe"}]},{"@type":"WebSite","@id":"https:\/\/forcontrol.eu\/#website","url":"https:\/\/forcontrol.eu\/","name":"","description":"","potentialAction":[{"@type":"SearchAction","target":{"@type":"EntryPoint","urlTemplate":"https:\/\/forcontrol.eu\/?s={search_term_string}"},"query-input":{"@type":"PropertyValueSpecification","valueRequired":true,"valueName":"search_term_string"}}],"inLanguage":"pl-PL"}]}},"_links":{"self":[{"href":"https:\/\/forcontrol.eu\/index.php\/wp-json\/wp\/v2\/pages\/448","targetHints":{"allow":["GET"]}}],"collection":[{"href":"https:\/\/forcontrol.eu\/index.php\/wp-json\/wp\/v2\/pages"}],"about":[{"href":"https:\/\/forcontrol.eu\/index.php\/wp-json\/wp\/v2\/types\/page"}],"author":[{"embeddable":true,"href":"https:\/\/forcontrol.eu\/index.php\/wp-json\/wp\/v2\/users\/2"}],"replies":[{"embeddable":true,"href":"https:\/\/forcontrol.eu\/index.php\/wp-json\/wp\/v2\/comments?post=448"}],"version-history":[{"count":2,"href":"https:\/\/forcontrol.eu\/index.php\/wp-json\/wp\/v2\/pages\/448\/revisions"}],"predecessor-version":[{"id":478,"href":"https:\/\/forcontrol.eu\/index.php\/wp-json\/wp\/v2\/pages\/448\/revisions\/478"}],"up":[{"embeddable":true,"href":"https:\/\/forcontrol.eu\/index.php\/wp-json\/wp\/v2\/pages\/37"}],"wp:attachment":[{"href":"https:\/\/forcontrol.eu\/index.php\/wp-json\/wp\/v2\/media?parent=448"}],"curies":[{"name":"wp","href":"https:\/\/api.w.org\/{rel}","templated":true}]}}