{"id":450,"date":"2020-08-17T12:44:59","date_gmt":"2020-08-17T10:44:59","guid":{"rendered":"https:\/\/forcontrol.eu\/?page_id=450"},"modified":"2021-04-07T21:01:48","modified_gmt":"2021-04-07T19:01:48","slug":"robotyka","status":"publish","type":"page","link":"https:\/\/forcontrol.eu\/index.php\/oferta\/robotyka\/","title":{"rendered":"Robotyka"},"content":{"rendered":"<p><section class=\"ffb-id-48l3e8cq fg-section fg-text-dark\"><div class=\"fg-container container fg-container-large fg-container-lvl--1 \"><div class=\"fg-row row    \" ><div class=\"ffb-id-48l3e8cr fg-col col-xs-12 col-md-12 fg-text-dark\"><h2 class=\"ffb-id-48l3eabi fg-heading text-center    fg-text-dark\"><\/p>\n<h1>Robotyka<\/h1>\n<p><\/h2><div class=\"ffb-id-48l3eues fg-paragraph ff-richtext text-left    fg-text-dark\"><\/p>\n<p>Robotyka jest nowoczesn\u0105 dziedzin\u0105, kt&oacute;ra zyskuje coraz wi\u0119ksz\u0105 popularno\u015b\u0107 w Polsce. Pomimo pozostawania na dalszych pozycjach w stosunku do wielu kraj&oacute;w europejskich przedsi\u0119biorcy zaczynaj\u0105 dostrzega\u0107 wymierne korzy\u015bci, jakie niesie za sob\u0105 automatyzacja i robotyzacja proces&oacute;w produkcji. W przeciwie\u0144stwie do czynnika ludzkiego maszyny nie m\u0119cz\u0105 si\u0119, pracuj\u0105c nieustannie przez wiele godzin, zawsze w tym samym rytmie. Wykonuj\u0105 te\u017c zadania w trudnych warunkach \u015brodowiskowych i s\u0105 wysoce precyzyjne, gwarantuj\u0105c powtarzalno\u015b\u0107 wykonywanych seryjnie element&oacute;w.<\/p>\n<p>Robotyka obejmuje nie tylko budow\u0119 zrobotyzowanych <a href=\"https:\/\/forcontrol.eu\/index.php\/oferta\/stanowiska-montazowe\">stanowisk monta\u017cowych<\/a>, ale r&oacute;wnie\u017c wdra\u017canie, programowanie i adaptacj\u0119 robot&oacute;w wsp&oacute;\u0142pracuj\u0105cych &ndash; cobot&oacute;w oraz autonomicznych robot&oacute;w typu MiR. Nowoczesne urz\u0105dzenia s\u0105 wyposa\u017cane w r&oacute;\u017cne akcesoria i oprzyrz\u0105dowanie, dzi\u0119ki kt&oacute;remu mog\u0105 by\u0107 zaadaptowane na potrzeby wykonywania nowych zada\u0144 bez wysokich nak\u0142ad&oacute;w finansowych. Cz\u0119sto do zmiany profilu ich pracy wystarcz\u0105 nowy chwytak i program steruj\u0105cy.<\/p>\n<p><\/div><\/div><\/div><\/div><\/section><style><\/style><script type=\"text\/javascript\"><\/script><section class=\"ffb-id-48l3g0rj fg-section fg-text-dark\"><div class=\"fg-container container fg-container-large fg-container-lvl--1 \"><div class=\"fg-row row    \" ><div class=\"ffb-id-48l3g0rk fg-col col-xs-12 col-md-12 fg-text-dark\"><h2 class=\"ffb-id-48l3g3pv fg-heading text-center    fg-text-dark\"><\/p>\n<h2>Programowanie robot&oacute;w<\/h2>\n<p><\/h2><div class=\"ffb-id-48l3gfrp fg-paragraph ff-richtext text-left    fg-text-dark\"><\/p>\n<p>Robotyka jest jedn\u0105 z dziedzin, kt&oacute;r\u0105 zajmujemy si\u0119 w firmie For Control. Projektujemy stanowiska wyposa\u017cone w roboty wsp&oacute;\u0142pracuj\u0105ce, a tak\u017ce zajmujemy si\u0119 ich programowaniem oraz przeprogramowywaniem na potrzeby wykonywania nowych zada\u0144. Dysponujemy licznymi certyfikatami, kt&oacute;re potwierdzaj\u0105 nasze uprawnienia w tej dziedzinie. Programujemy roboty marek takich jak Kuka, Yaskawa, Universal Robots. Do\u015bwiadczenie, jakie mamy w robotyce, pozwala nam przygotowywa\u0107 i wdra\u017ca\u0107 programy spawalnicze, handlingowe i systemowe (Makro job, System job). Us\u0142ugi obejmuj\u0105 r&oacute;wnie\u017c przywracanie sprawno\u015bci robot&oacute;w po r&oacute;\u017cnych awariach i kolizjach oraz kalibracj\u0119 maszyn.<\/p>\n<p><\/div><\/div><\/div><\/div><\/section><style><\/style><script type=\"text\/javascript\"><\/script><\/p>\n","protected":false},"excerpt":{"rendered":"","protected":false},"author":2,"featured_media":0,"parent":37,"menu_order":0,"comment_status":"closed","ping_status":"closed","template":"","meta":{"footnotes":""},"class_list":["post-450","page","type-page","status-publish","hentry","post-wrapper"],"yoast_head":"<!-- This site is optimized with the Yoast SEO plugin v27.4 - https:\/\/yoast.com\/product\/yoast-seo-wordpress\/ -->\n<title>Robotyka | Wdra\u017canie i programowanie robot\u00f3w autonomicznych<\/title>\n<meta name=\"description\" content=\"Robotyka jest jedn\u0105 z dziedzin, w kt\u00f3rych specjalizuje si\u0119 For Control. Zajmujemy si\u0119 programowaniem, wdra\u017caniem robot\u00f3w i usuwaniem usterek. Sprawd\u017a certyfikaty.\" \/>\n<meta name=\"robots\" content=\"index, follow, max-snippet:-1, max-image-preview:large, max-video-preview:-1\" \/>\n<link rel=\"canonical\" href=\"https:\/\/forcontrol.eu\/index.php\/oferta\/robotyka\/\" \/>\n<meta property=\"og:locale\" content=\"pl_PL\" \/>\n<meta property=\"og:type\" content=\"article\" \/>\n<meta property=\"og:title\" content=\"Robotyka | Wdra\u017canie i programowanie robot\u00f3w autonomicznych\" \/>\n<meta property=\"og:description\" content=\"Robotyka jest jedn\u0105 z dziedzin, w kt\u00f3rych specjalizuje si\u0119 For Control. Zajmujemy si\u0119 programowaniem, wdra\u017caniem robot\u00f3w i usuwaniem usterek. Sprawd\u017a certyfikaty.\" \/>\n<meta property=\"og:url\" content=\"https:\/\/forcontrol.eu\/index.php\/oferta\/robotyka\/\" \/>\n<meta property=\"article:modified_time\" content=\"2021-04-07T19:01:48+00:00\" \/>\n<meta name=\"twitter:card\" content=\"summary_large_image\" \/>\n<meta name=\"twitter:label1\" content=\"Szacowany czas czytania\" \/>\n\t<meta name=\"twitter:data1\" content=\"4 minuty\" \/>\n<script type=\"application\/ld+json\" class=\"yoast-schema-graph\">{\"@context\":\"https:\\\/\\\/schema.org\",\"@graph\":[{\"@type\":\"WebPage\",\"@id\":\"https:\\\/\\\/forcontrol.eu\\\/index.php\\\/oferta\\\/robotyka\\\/\",\"url\":\"https:\\\/\\\/forcontrol.eu\\\/index.php\\\/oferta\\\/robotyka\\\/\",\"name\":\"Robotyka | Wdra\u017canie i programowanie robot\u00f3w autonomicznych\",\"isPartOf\":{\"@id\":\"https:\\\/\\\/forcontrol.eu\\\/#website\"},\"datePublished\":\"2020-08-17T10:44:59+00:00\",\"dateModified\":\"2021-04-07T19:01:48+00:00\",\"description\":\"Robotyka jest jedn\u0105 z dziedzin, w kt\u00f3rych specjalizuje si\u0119 For Control. Zajmujemy si\u0119 programowaniem, wdra\u017caniem robot\u00f3w i usuwaniem usterek. Sprawd\u017a certyfikaty.\",\"breadcrumb\":{\"@id\":\"https:\\\/\\\/forcontrol.eu\\\/index.php\\\/oferta\\\/robotyka\\\/#breadcrumb\"},\"inLanguage\":\"pl-PL\",\"potentialAction\":[{\"@type\":\"ReadAction\",\"target\":[\"https:\\\/\\\/forcontrol.eu\\\/index.php\\\/oferta\\\/robotyka\\\/\"]}]},{\"@type\":\"BreadcrumbList\",\"@id\":\"https:\\\/\\\/forcontrol.eu\\\/index.php\\\/oferta\\\/robotyka\\\/#breadcrumb\",\"itemListElement\":[{\"@type\":\"ListItem\",\"position\":1,\"name\":\"Strona g\u0142\u00f3wna\",\"item\":\"https:\\\/\\\/forcontrol.eu\\\/\"},{\"@type\":\"ListItem\",\"position\":2,\"name\":\"Oferta\",\"item\":\"https:\\\/\\\/forcontrol.eu\\\/index.php\\\/oferta\\\/\"},{\"@type\":\"ListItem\",\"position\":3,\"name\":\"Robotyka\"}]},{\"@type\":\"WebSite\",\"@id\":\"https:\\\/\\\/forcontrol.eu\\\/#website\",\"url\":\"https:\\\/\\\/forcontrol.eu\\\/\",\"name\":\"\",\"description\":\"\",\"potentialAction\":[{\"@type\":\"SearchAction\",\"target\":{\"@type\":\"EntryPoint\",\"urlTemplate\":\"https:\\\/\\\/forcontrol.eu\\\/?s={search_term_string}\"},\"query-input\":{\"@type\":\"PropertyValueSpecification\",\"valueRequired\":true,\"valueName\":\"search_term_string\"}}],\"inLanguage\":\"pl-PL\"}]}<\/script>\n<!-- \/ Yoast SEO plugin. -->","yoast_head_json":{"title":"Robotyka | Wdra\u017canie i programowanie robot\u00f3w autonomicznych","description":"Robotyka jest jedn\u0105 z dziedzin, w kt\u00f3rych specjalizuje si\u0119 For Control. Zajmujemy si\u0119 programowaniem, wdra\u017caniem robot\u00f3w i usuwaniem usterek. Sprawd\u017a certyfikaty.","robots":{"index":"index","follow":"follow","max-snippet":"max-snippet:-1","max-image-preview":"max-image-preview:large","max-video-preview":"max-video-preview:-1"},"canonical":"https:\/\/forcontrol.eu\/index.php\/oferta\/robotyka\/","og_locale":"pl_PL","og_type":"article","og_title":"Robotyka | Wdra\u017canie i programowanie robot\u00f3w autonomicznych","og_description":"Robotyka jest jedn\u0105 z dziedzin, w kt\u00f3rych specjalizuje si\u0119 For Control. Zajmujemy si\u0119 programowaniem, wdra\u017caniem robot\u00f3w i usuwaniem usterek. Sprawd\u017a certyfikaty.","og_url":"https:\/\/forcontrol.eu\/index.php\/oferta\/robotyka\/","article_modified_time":"2021-04-07T19:01:48+00:00","twitter_card":"summary_large_image","twitter_misc":{"Szacowany czas czytania":"4 minuty"},"schema":{"@context":"https:\/\/schema.org","@graph":[{"@type":"WebPage","@id":"https:\/\/forcontrol.eu\/index.php\/oferta\/robotyka\/","url":"https:\/\/forcontrol.eu\/index.php\/oferta\/robotyka\/","name":"Robotyka | Wdra\u017canie i programowanie robot\u00f3w autonomicznych","isPartOf":{"@id":"https:\/\/forcontrol.eu\/#website"},"datePublished":"2020-08-17T10:44:59+00:00","dateModified":"2021-04-07T19:01:48+00:00","description":"Robotyka jest jedn\u0105 z dziedzin, w kt\u00f3rych specjalizuje si\u0119 For Control. Zajmujemy si\u0119 programowaniem, wdra\u017caniem robot\u00f3w i usuwaniem usterek. Sprawd\u017a certyfikaty.","breadcrumb":{"@id":"https:\/\/forcontrol.eu\/index.php\/oferta\/robotyka\/#breadcrumb"},"inLanguage":"pl-PL","potentialAction":[{"@type":"ReadAction","target":["https:\/\/forcontrol.eu\/index.php\/oferta\/robotyka\/"]}]},{"@type":"BreadcrumbList","@id":"https:\/\/forcontrol.eu\/index.php\/oferta\/robotyka\/#breadcrumb","itemListElement":[{"@type":"ListItem","position":1,"name":"Strona g\u0142\u00f3wna","item":"https:\/\/forcontrol.eu\/"},{"@type":"ListItem","position":2,"name":"Oferta","item":"https:\/\/forcontrol.eu\/index.php\/oferta\/"},{"@type":"ListItem","position":3,"name":"Robotyka"}]},{"@type":"WebSite","@id":"https:\/\/forcontrol.eu\/#website","url":"https:\/\/forcontrol.eu\/","name":"","description":"","potentialAction":[{"@type":"SearchAction","target":{"@type":"EntryPoint","urlTemplate":"https:\/\/forcontrol.eu\/?s={search_term_string}"},"query-input":{"@type":"PropertyValueSpecification","valueRequired":true,"valueName":"search_term_string"}}],"inLanguage":"pl-PL"}]}},"_links":{"self":[{"href":"https:\/\/forcontrol.eu\/index.php\/wp-json\/wp\/v2\/pages\/450","targetHints":{"allow":["GET"]}}],"collection":[{"href":"https:\/\/forcontrol.eu\/index.php\/wp-json\/wp\/v2\/pages"}],"about":[{"href":"https:\/\/forcontrol.eu\/index.php\/wp-json\/wp\/v2\/types\/page"}],"author":[{"embeddable":true,"href":"https:\/\/forcontrol.eu\/index.php\/wp-json\/wp\/v2\/users\/2"}],"replies":[{"embeddable":true,"href":"https:\/\/forcontrol.eu\/index.php\/wp-json\/wp\/v2\/comments?post=450"}],"version-history":[{"count":2,"href":"https:\/\/forcontrol.eu\/index.php\/wp-json\/wp\/v2\/pages\/450\/revisions"}],"predecessor-version":[{"id":480,"href":"https:\/\/forcontrol.eu\/index.php\/wp-json\/wp\/v2\/pages\/450\/revisions\/480"}],"up":[{"embeddable":true,"href":"https:\/\/forcontrol.eu\/index.php\/wp-json\/wp\/v2\/pages\/37"}],"wp:attachment":[{"href":"https:\/\/forcontrol.eu\/index.php\/wp-json\/wp\/v2\/media?parent=450"}],"curies":[{"name":"wp","href":"https:\/\/api.w.org\/{rel}","templated":true}]}}