{"id":452,"date":"2020-08-17T12:45:20","date_gmt":"2020-08-17T10:45:20","guid":{"rendered":"https:\/\/forcontrol.eu\/?page_id=452"},"modified":"2020-08-25T10:23:11","modified_gmt":"2020-08-25T08:23:11","slug":"budowa-maszyn","status":"publish","type":"page","link":"https:\/\/forcontrol.eu\/index.php\/oferta\/budowa-maszyn\/","title":{"rendered":"Budowa maszyn"},"content":{"rendered":"<p><section class=\"ffb-id-48l3imh6 fg-section fg-text-dark\"><div class=\"fg-container container fg-container-large fg-container-lvl--1 \"><div class=\"fg-row row    \" ><div class=\"ffb-id-48l3imh7 fg-col col-xs-12 col-md-12 fg-text-dark\"><h1 class=\"ffb-id-48l3iprj fg-heading text-center    fg-text-dark\"><\/p>\n<h1>Budowa maszyn przemys\u0142owych<\/h1>\n<p><\/h1><div class=\"ffb-id-48l3j300 fg-paragraph ff-richtext text-left    fg-text-dark\"><\/p>\n<p>Specyfika wielu proces&oacute;w produkcyjnych wi\u0105\u017ce si\u0119 z potrzeb\u0105 poszukiwania metod wykonania poszczeg&oacute;lnych czynno\u015bci i uzyskania po\u017c\u0105danych efekt&oacute;w. Nie zawsze jest to mo\u017cliwe za pomoc\u0105 standardowych maszyn, jakie oferuj\u0105 ich producenci i dystrybutorzy. Kiedy zachodzi potrzeba usprawnienia czy wr\u0119cz przeprowadzenia unikalnego procesu, konieczne jest te\u017c zaprojektowanie i skonstruowanie specjalnego, cz\u0119sto bardzo nietypowego urz\u0105dzenia.<strong> Budowa maszyn przemys\u0142owych<\/strong> jest jedn\u0105 z us\u0142ug, kt&oacute;re oferujemy w For Control. Zale\u017cnie od konkretnych potrzeb klient&oacute;w tworzymy od podstaw ca\u0142kiem nowe konstrukcje lub przekszta\u0142camy i dostosowujemy ju\u017c istniej\u0105ce elementy linii produkcyjnych.<\/p>\n<p><\/div><\/div><\/div><\/div><\/section><style><\/style><script type=\"text\/javascript\"><\/script><section class=\"ffb-id-48l3jqa8 fg-section fg-text-dark\"><div class=\"fg-container container fg-container-large fg-container-lvl--1 \"><div class=\"fg-row row    \" ><div class=\"ffb-id-48l3jqa9 fg-col col-xs-12 col-md-12 fg-text-dark\"><h2 class=\"ffb-id-48l3k0s0 fg-heading text-center    fg-text-dark\"><\/p>\n<h2>Realizujemy unikalne projekty z zakresu budowy maszyn<\/h2>\n<p><\/h2><div class=\"ffb-id-48l3k9pt fg-paragraph ff-richtext text-left    fg-text-dark\"><\/p>\n<p><strong>Budowa maszyn<\/strong>, kt&oacute;r\u0105 si\u0119 zajmujemy, stanowi przeciwie\u0144stwo produkcji seryjnej, jak\u0105 realizuj\u0105 firmy na ca\u0142ym \u015bwiecie. Nie tworzymy konstrukcji w dziesi\u0105tkach czy setkach egzemplarzy. Koncentrujemy si\u0119 na unikalnych, jednostkowych projektach, kt&oacute;re s\u0105 perfekcyjnie dopasowane do potrzeb konkretnego procesu. Dzi\u0119ki nim klient otrzymuje gotowy produkt o takich parametrach, jakich oczekuje. Tworz\u0105c wyspecjalizowane maszyny i <a href=\"https:\/\/forcontrol.eu\/index.php\/oferta\/stanowiska-montazowe-i-testowe\">stanowiska monta\u017cowe<\/a>, jeste\u015bmy kreatywni. Wykorzystujemy nie tylko do\u015bwiadczenie i wiedz\u0119 specjalistyczn\u0105, ale te\u017c innowacyjne rozwi\u0105zania, w tym zasoby automatyki przemys\u0142owej. W efekcie powstaj\u0105 nowoczesne konstrukcje na miar\u0119 potrzeb, oczekiwa\u0144 i mo\u017cliwo\u015bci technicznych obiektu klienta.<\/p>\n<p>Je\u015bli interesuje Ci\u0119 budowa maszyn przemys\u0142owych, zapraszamy do naszej siedziby w Rybniku lub do kontaktu telefonicznego.<\/p>\n<p><\/div><\/div><\/div><\/div><\/section><style><\/style><script type=\"text\/javascript\"><\/script><\/p>\n","protected":false},"excerpt":{"rendered":"","protected":false},"author":2,"featured_media":0,"parent":37,"menu_order":0,"comment_status":"closed","ping_status":"closed","template":"","meta":{"footnotes":""},"class_list":["post-452","page","type-page","status-publish","hentry","post-wrapper"],"yoast_head":"<!-- This site is optimized with the Yoast SEO plugin v27.4 - https:\/\/yoast.com\/product\/yoast-seo-wordpress\/ -->\n<title>Budowa maszyn |<\/title>\n<meta name=\"robots\" content=\"index, follow, max-snippet:-1, max-image-preview:large, max-video-preview:-1\" \/>\n<link rel=\"canonical\" href=\"https:\/\/forcontrol.eu\/index.php\/oferta\/budowa-maszyn\/\" \/>\n<meta property=\"og:locale\" content=\"pl_PL\" \/>\n<meta property=\"og:type\" content=\"article\" \/>\n<meta property=\"og:title\" content=\"Budowa maszyn |\" \/>\n<meta property=\"og:url\" content=\"https:\/\/forcontrol.eu\/index.php\/oferta\/budowa-maszyn\/\" \/>\n<meta property=\"article:modified_time\" content=\"2020-08-25T08:23:11+00:00\" \/>\n<meta name=\"twitter:card\" content=\"summary_large_image\" \/>\n<meta name=\"twitter:label1\" content=\"Szacowany czas czytania\" \/>\n\t<meta name=\"twitter:data1\" content=\"4 minuty\" \/>\n<script type=\"application\/ld+json\" class=\"yoast-schema-graph\">{\"@context\":\"https:\\\/\\\/schema.org\",\"@graph\":[{\"@type\":\"WebPage\",\"@id\":\"https:\\\/\\\/forcontrol.eu\\\/index.php\\\/oferta\\\/budowa-maszyn\\\/\",\"url\":\"https:\\\/\\\/forcontrol.eu\\\/index.php\\\/oferta\\\/budowa-maszyn\\\/\",\"name\":\"Budowa maszyn |\",\"isPartOf\":{\"@id\":\"https:\\\/\\\/forcontrol.eu\\\/#website\"},\"datePublished\":\"2020-08-17T10:45:20+00:00\",\"dateModified\":\"2020-08-25T08:23:11+00:00\",\"breadcrumb\":{\"@id\":\"https:\\\/\\\/forcontrol.eu\\\/index.php\\\/oferta\\\/budowa-maszyn\\\/#breadcrumb\"},\"inLanguage\":\"pl-PL\",\"potentialAction\":[{\"@type\":\"ReadAction\",\"target\":[\"https:\\\/\\\/forcontrol.eu\\\/index.php\\\/oferta\\\/budowa-maszyn\\\/\"]}]},{\"@type\":\"BreadcrumbList\",\"@id\":\"https:\\\/\\\/forcontrol.eu\\\/index.php\\\/oferta\\\/budowa-maszyn\\\/#breadcrumb\",\"itemListElement\":[{\"@type\":\"ListItem\",\"position\":1,\"name\":\"Strona g\u0142\u00f3wna\",\"item\":\"https:\\\/\\\/forcontrol.eu\\\/\"},{\"@type\":\"ListItem\",\"position\":2,\"name\":\"Oferta\",\"item\":\"https:\\\/\\\/forcontrol.eu\\\/index.php\\\/oferta\\\/\"},{\"@type\":\"ListItem\",\"position\":3,\"name\":\"Budowa maszyn\"}]},{\"@type\":\"WebSite\",\"@id\":\"https:\\\/\\\/forcontrol.eu\\\/#website\",\"url\":\"https:\\\/\\\/forcontrol.eu\\\/\",\"name\":\"\",\"description\":\"\",\"potentialAction\":[{\"@type\":\"SearchAction\",\"target\":{\"@type\":\"EntryPoint\",\"urlTemplate\":\"https:\\\/\\\/forcontrol.eu\\\/?s={search_term_string}\"},\"query-input\":{\"@type\":\"PropertyValueSpecification\",\"valueRequired\":true,\"valueName\":\"search_term_string\"}}],\"inLanguage\":\"pl-PL\"}]}<\/script>\n<!-- \/ Yoast SEO plugin. -->","yoast_head_json":{"title":"Budowa maszyn |","robots":{"index":"index","follow":"follow","max-snippet":"max-snippet:-1","max-image-preview":"max-image-preview:large","max-video-preview":"max-video-preview:-1"},"canonical":"https:\/\/forcontrol.eu\/index.php\/oferta\/budowa-maszyn\/","og_locale":"pl_PL","og_type":"article","og_title":"Budowa maszyn |","og_url":"https:\/\/forcontrol.eu\/index.php\/oferta\/budowa-maszyn\/","article_modified_time":"2020-08-25T08:23:11+00:00","twitter_card":"summary_large_image","twitter_misc":{"Szacowany czas czytania":"4 minuty"},"schema":{"@context":"https:\/\/schema.org","@graph":[{"@type":"WebPage","@id":"https:\/\/forcontrol.eu\/index.php\/oferta\/budowa-maszyn\/","url":"https:\/\/forcontrol.eu\/index.php\/oferta\/budowa-maszyn\/","name":"Budowa maszyn |","isPartOf":{"@id":"https:\/\/forcontrol.eu\/#website"},"datePublished":"2020-08-17T10:45:20+00:00","dateModified":"2020-08-25T08:23:11+00:00","breadcrumb":{"@id":"https:\/\/forcontrol.eu\/index.php\/oferta\/budowa-maszyn\/#breadcrumb"},"inLanguage":"pl-PL","potentialAction":[{"@type":"ReadAction","target":["https:\/\/forcontrol.eu\/index.php\/oferta\/budowa-maszyn\/"]}]},{"@type":"BreadcrumbList","@id":"https:\/\/forcontrol.eu\/index.php\/oferta\/budowa-maszyn\/#breadcrumb","itemListElement":[{"@type":"ListItem","position":1,"name":"Strona g\u0142\u00f3wna","item":"https:\/\/forcontrol.eu\/"},{"@type":"ListItem","position":2,"name":"Oferta","item":"https:\/\/forcontrol.eu\/index.php\/oferta\/"},{"@type":"ListItem","position":3,"name":"Budowa maszyn"}]},{"@type":"WebSite","@id":"https:\/\/forcontrol.eu\/#website","url":"https:\/\/forcontrol.eu\/","name":"","description":"","potentialAction":[{"@type":"SearchAction","target":{"@type":"EntryPoint","urlTemplate":"https:\/\/forcontrol.eu\/?s={search_term_string}"},"query-input":{"@type":"PropertyValueSpecification","valueRequired":true,"valueName":"search_term_string"}}],"inLanguage":"pl-PL"}]}},"_links":{"self":[{"href":"https:\/\/forcontrol.eu\/index.php\/wp-json\/wp\/v2\/pages\/452","targetHints":{"allow":["GET"]}}],"collection":[{"href":"https:\/\/forcontrol.eu\/index.php\/wp-json\/wp\/v2\/pages"}],"about":[{"href":"https:\/\/forcontrol.eu\/index.php\/wp-json\/wp\/v2\/types\/page"}],"author":[{"embeddable":true,"href":"https:\/\/forcontrol.eu\/index.php\/wp-json\/wp\/v2\/users\/2"}],"replies":[{"embeddable":true,"href":"https:\/\/forcontrol.eu\/index.php\/wp-json\/wp\/v2\/comments?post=452"}],"version-history":[{"count":2,"href":"https:\/\/forcontrol.eu\/index.php\/wp-json\/wp\/v2\/pages\/452\/revisions"}],"predecessor-version":[{"id":482,"href":"https:\/\/forcontrol.eu\/index.php\/wp-json\/wp\/v2\/pages\/452\/revisions\/482"}],"up":[{"embeddable":true,"href":"https:\/\/forcontrol.eu\/index.php\/wp-json\/wp\/v2\/pages\/37"}],"wp:attachment":[{"href":"https:\/\/forcontrol.eu\/index.php\/wp-json\/wp\/v2\/media?parent=452"}],"curies":[{"name":"wp","href":"https:\/\/api.w.org\/{rel}","templated":true}]}}