{"id":454,"date":"2020-08-17T12:45:42","date_gmt":"2020-08-17T10:45:42","guid":{"rendered":"https:\/\/forcontrol.eu\/?page_id=454"},"modified":"2020-08-25T10:28:03","modified_gmt":"2020-08-25T08:28:03","slug":"projektowanie-linii-produkcyjnych","status":"publish","type":"page","link":"https:\/\/forcontrol.eu\/index.php\/oferta\/projektowanie-linii-produkcyjnych\/","title":{"rendered":"Projektowanie linii produkcyjnych"},"content":{"rendered":"<p><section class=\"ffb-id-48l3rotg fg-section fg-text-dark\"><div class=\"fg-container container fg-container-large fg-container-lvl--1 \"><div class=\"fg-row row    \" ><div class=\"ffb-id-48l3roth fg-col col-xs-12 col-md-12 fg-text-dark\"><h1 class=\"ffb-id-48l3s1bs fg-heading text-center    fg-text-dark\"><\/p>\n<h1>Projektowanie linii produkcyjnych &ndash; Rybnik<\/h1>\n<p><\/h1><\/div><div class=\"ffb-id-48l3sav6 fg-col col-xs-12 col-md-12 fg-text-dark\"><div class=\"ffb-id-48l3sfni fg-paragraph ff-richtext text-left    fg-text-dark\"><\/p>\n<p>Procesy technologiczne realizowane w zak\u0142adzie produkcyjnym z jednej strony bywaj\u0105 skomplikowane i z\u0142o\u017cone z wielu etap&oacute;w, kt&oacute;rych efektem jest finalny produkt. Z drugiej &ndash; cz\u0119sto s\u0105 unikalne i wymagaj\u0105 zastosowania nietypowych w budowie maszyn lub ich niestandardowego uk\u0142adu. Problemem bywa r&oacute;wnie\u017c dost\u0119pna przestrze\u0144 produkcyjna. W budynkach o ograniczonej powierzchni czy wymiarach niekiedy trudno pomie\u015bci\u0107 typow\u0105 lini\u0119 do galwanizacji, spawania czy ci\u0105g technologiczny do wypiekania ciastek lub butelkowania napoj&oacute;w.<\/p>\n<p><\/div><\/div><\/div><\/div><\/section><style><\/style><script type=\"text\/javascript\"><\/script><section class=\"ffb-id-48l3stqi fg-section fg-text-dark\"><div class=\"fg-container container fg-container-large fg-container-lvl--1 \"><div class=\"fg-row row    \" ><div class=\"ffb-id-48l3stqj fg-col col-xs-12 col-md-12 fg-text-dark\"><h2 class=\"ffb-id-48l3t09h fg-heading text-center    fg-text-dark\"><\/p>\n<h2>Indywidualne projekty z uwzgl\u0119dnieniem robot&oacute;w<\/h2>\n<p><\/h2><div class=\"ffb-id-48l3tet7 fg-paragraph ff-richtext text-left    fg-text-dark\"><\/p>\n<p><strong>Projektowanie linii produkcyjnych<\/strong>, kt&oacute;rym zajmujemy si\u0119 w For Control, pozwala zar&oacute;wno na przemy\u015blane zaplanowanie uk\u0142adu modu\u0142&oacute;w ci\u0105gu technologicznego, jak i dostosowanie ich do konkretnych potrzeb klienta. Na podstawie wykonywanego projektu mo\u017ce by\u0107 <a href=\"https:\/\/forcontrol.eu\/index.php\/oferta\/budowa-maszyn\">realizowana budowa maszyn<\/a> o specjalnym przeznaczeniu, wymiarach czy wyposa\u017ceniu. Projektowanie linii produkcyjnych obejmuje zar&oacute;wno podstawowe elementy zestawu maszyn, jak i narz\u0119dzie kontrolne czy systemy sterowania.<\/p>\n<p>Projektujemy linie zrobotyzowane m.in. z udzia\u0142em robot&oacute;w spawalniczych czy monta\u017cowych. Us\u0142ugi realizujemy po wcze\u015bniejszej konsultacji z klientem, uwzgl\u0119dniaj\u0105c zar&oacute;wno jego potrzeby, jak i mo\u017cliwo\u015bci techniczne zak\u0142adu. Ka\u017cde zlecenie jest dla nas wyzwaniem, z kt&oacute;rym mierzymy si\u0119 z pe\u0142nym zaanga\u017cowaniem, wykorzystuj\u0105c specjalistyczn\u0105 wiedz\u0119 i do\u015bwiadczenie.<\/p>\n<p>Klientom, kt&oacute;rzy zlecaj\u0105 nam projektowanie linii produkcyjnych, oferujemy r&oacute;wnie\u017c ich wykonanie, monta\u017c i rozruch oraz niezb\u0119dne szkolenia. Zapraszamy do wsp&oacute;\u0142pracy.<\/p>\n<p><\/div><\/div><\/div><\/div><\/section><style><\/style><script type=\"text\/javascript\"><\/script><\/p>\n","protected":false},"excerpt":{"rendered":"","protected":false},"author":2,"featured_media":0,"parent":37,"menu_order":0,"comment_status":"closed","ping_status":"closed","template":"","meta":{"footnotes":""},"class_list":["post-454","page","type-page","status-publish","hentry","post-wrapper"],"yoast_head":"<!-- This site is optimized with the Yoast SEO plugin v27.4 - https:\/\/yoast.com\/product\/yoast-seo-wordpress\/ -->\n<title>Projektowanie linii produkcyjnych |<\/title>\n<meta name=\"robots\" content=\"index, follow, max-snippet:-1, max-image-preview:large, max-video-preview:-1\" \/>\n<link rel=\"canonical\" href=\"https:\/\/forcontrol.eu\/index.php\/oferta\/projektowanie-linii-produkcyjnych\/\" \/>\n<meta property=\"og:locale\" content=\"pl_PL\" \/>\n<meta property=\"og:type\" content=\"article\" \/>\n<meta property=\"og:title\" content=\"Projektowanie linii produkcyjnych |\" \/>\n<meta property=\"og:url\" content=\"https:\/\/forcontrol.eu\/index.php\/oferta\/projektowanie-linii-produkcyjnych\/\" \/>\n<meta property=\"article:modified_time\" content=\"2020-08-25T08:28:03+00:00\" \/>\n<meta name=\"twitter:card\" content=\"summary_large_image\" \/>\n<meta name=\"twitter:label1\" content=\"Szacowany czas czytania\" \/>\n\t<meta name=\"twitter:data1\" content=\"5 minut\" \/>\n<script type=\"application\/ld+json\" class=\"yoast-schema-graph\">{\"@context\":\"https:\\\/\\\/schema.org\",\"@graph\":[{\"@type\":\"WebPage\",\"@id\":\"https:\\\/\\\/forcontrol.eu\\\/index.php\\\/oferta\\\/projektowanie-linii-produkcyjnych\\\/\",\"url\":\"https:\\\/\\\/forcontrol.eu\\\/index.php\\\/oferta\\\/projektowanie-linii-produkcyjnych\\\/\",\"name\":\"Projektowanie linii produkcyjnych |\",\"isPartOf\":{\"@id\":\"https:\\\/\\\/forcontrol.eu\\\/#website\"},\"datePublished\":\"2020-08-17T10:45:42+00:00\",\"dateModified\":\"2020-08-25T08:28:03+00:00\",\"breadcrumb\":{\"@id\":\"https:\\\/\\\/forcontrol.eu\\\/index.php\\\/oferta\\\/projektowanie-linii-produkcyjnych\\\/#breadcrumb\"},\"inLanguage\":\"pl-PL\",\"potentialAction\":[{\"@type\":\"ReadAction\",\"target\":[\"https:\\\/\\\/forcontrol.eu\\\/index.php\\\/oferta\\\/projektowanie-linii-produkcyjnych\\\/\"]}]},{\"@type\":\"BreadcrumbList\",\"@id\":\"https:\\\/\\\/forcontrol.eu\\\/index.php\\\/oferta\\\/projektowanie-linii-produkcyjnych\\\/#breadcrumb\",\"itemListElement\":[{\"@type\":\"ListItem\",\"position\":1,\"name\":\"Strona g\u0142\u00f3wna\",\"item\":\"https:\\\/\\\/forcontrol.eu\\\/\"},{\"@type\":\"ListItem\",\"position\":2,\"name\":\"Oferta\",\"item\":\"https:\\\/\\\/forcontrol.eu\\\/index.php\\\/oferta\\\/\"},{\"@type\":\"ListItem\",\"position\":3,\"name\":\"Projektowanie linii produkcyjnych\"}]},{\"@type\":\"WebSite\",\"@id\":\"https:\\\/\\\/forcontrol.eu\\\/#website\",\"url\":\"https:\\\/\\\/forcontrol.eu\\\/\",\"name\":\"\",\"description\":\"\",\"potentialAction\":[{\"@type\":\"SearchAction\",\"target\":{\"@type\":\"EntryPoint\",\"urlTemplate\":\"https:\\\/\\\/forcontrol.eu\\\/?s={search_term_string}\"},\"query-input\":{\"@type\":\"PropertyValueSpecification\",\"valueRequired\":true,\"valueName\":\"search_term_string\"}}],\"inLanguage\":\"pl-PL\"}]}<\/script>\n<!-- \/ Yoast SEO plugin. -->","yoast_head_json":{"title":"Projektowanie linii produkcyjnych |","robots":{"index":"index","follow":"follow","max-snippet":"max-snippet:-1","max-image-preview":"max-image-preview:large","max-video-preview":"max-video-preview:-1"},"canonical":"https:\/\/forcontrol.eu\/index.php\/oferta\/projektowanie-linii-produkcyjnych\/","og_locale":"pl_PL","og_type":"article","og_title":"Projektowanie linii produkcyjnych |","og_url":"https:\/\/forcontrol.eu\/index.php\/oferta\/projektowanie-linii-produkcyjnych\/","article_modified_time":"2020-08-25T08:28:03+00:00","twitter_card":"summary_large_image","twitter_misc":{"Szacowany czas czytania":"5 minut"},"schema":{"@context":"https:\/\/schema.org","@graph":[{"@type":"WebPage","@id":"https:\/\/forcontrol.eu\/index.php\/oferta\/projektowanie-linii-produkcyjnych\/","url":"https:\/\/forcontrol.eu\/index.php\/oferta\/projektowanie-linii-produkcyjnych\/","name":"Projektowanie linii produkcyjnych |","isPartOf":{"@id":"https:\/\/forcontrol.eu\/#website"},"datePublished":"2020-08-17T10:45:42+00:00","dateModified":"2020-08-25T08:28:03+00:00","breadcrumb":{"@id":"https:\/\/forcontrol.eu\/index.php\/oferta\/projektowanie-linii-produkcyjnych\/#breadcrumb"},"inLanguage":"pl-PL","potentialAction":[{"@type":"ReadAction","target":["https:\/\/forcontrol.eu\/index.php\/oferta\/projektowanie-linii-produkcyjnych\/"]}]},{"@type":"BreadcrumbList","@id":"https:\/\/forcontrol.eu\/index.php\/oferta\/projektowanie-linii-produkcyjnych\/#breadcrumb","itemListElement":[{"@type":"ListItem","position":1,"name":"Strona g\u0142\u00f3wna","item":"https:\/\/forcontrol.eu\/"},{"@type":"ListItem","position":2,"name":"Oferta","item":"https:\/\/forcontrol.eu\/index.php\/oferta\/"},{"@type":"ListItem","position":3,"name":"Projektowanie linii produkcyjnych"}]},{"@type":"WebSite","@id":"https:\/\/forcontrol.eu\/#website","url":"https:\/\/forcontrol.eu\/","name":"","description":"","potentialAction":[{"@type":"SearchAction","target":{"@type":"EntryPoint","urlTemplate":"https:\/\/forcontrol.eu\/?s={search_term_string}"},"query-input":{"@type":"PropertyValueSpecification","valueRequired":true,"valueName":"search_term_string"}}],"inLanguage":"pl-PL"}]}},"_links":{"self":[{"href":"https:\/\/forcontrol.eu\/index.php\/wp-json\/wp\/v2\/pages\/454","targetHints":{"allow":["GET"]}}],"collection":[{"href":"https:\/\/forcontrol.eu\/index.php\/wp-json\/wp\/v2\/pages"}],"about":[{"href":"https:\/\/forcontrol.eu\/index.php\/wp-json\/wp\/v2\/types\/page"}],"author":[{"embeddable":true,"href":"https:\/\/forcontrol.eu\/index.php\/wp-json\/wp\/v2\/users\/2"}],"replies":[{"embeddable":true,"href":"https:\/\/forcontrol.eu\/index.php\/wp-json\/wp\/v2\/comments?post=454"}],"version-history":[{"count":2,"href":"https:\/\/forcontrol.eu\/index.php\/wp-json\/wp\/v2\/pages\/454\/revisions"}],"predecessor-version":[{"id":484,"href":"https:\/\/forcontrol.eu\/index.php\/wp-json\/wp\/v2\/pages\/454\/revisions\/484"}],"up":[{"embeddable":true,"href":"https:\/\/forcontrol.eu\/index.php\/wp-json\/wp\/v2\/pages\/37"}],"wp:attachment":[{"href":"https:\/\/forcontrol.eu\/index.php\/wp-json\/wp\/v2\/media?parent=454"}],"curies":[{"name":"wp","href":"https:\/\/api.w.org\/{rel}","templated":true}]}}